{"id":9952,"date":"2020-10-26T10:13:32","date_gmt":"2020-10-26T15:13:32","guid":{"rendered":"https:\/\/cursotomorrow.com\/novo\/?post_type=product&#038;p=9952"},"modified":"2020-10-26T10:15:32","modified_gmt":"2020-10-26T15:15:32","slug":"audiobook-executivo-16","status":"publish","type":"product","link":"https:\/\/cursotomorrow.com\/novo\/produto\/audiobook-executivo-16\/","title":{"rendered":"AudioBook &#8211; Executivo &#8211; 16"},"content":{"rendered":"<p>Uma maneira f\u00e1cil de aprender ingl\u00eas est\u00e1 aqui nos <strong>Audiobooks<\/strong> da Tomorrow que j\u00e1 vem com a tradu\u00e7\u00e3o. H\u00e1 uma grande variedades de di\u00e1logos dispon\u00edveis para voc\u00ea praticar todos os dias.<\/p>\n","protected":false},"excerpt":{"rendered":"<p>Uma maneira f\u00e1cil de aprender ingl\u00eas est\u00e1 aqui nos Audiobooks da Tomorrow que j\u00e1 vem com a tradu\u00e7\u00e3o. H\u00e1 uma grande variedades de di\u00e1logos dispon\u00edveis para voc\u00ea praticar todos os dias.<\/p>\n","protected":false},"featured_media":9953,"comment_status":"open","ping_status":"closed","template":"","meta":[],"product_cat":[34,25,26],"product_tag":[],"class_list":["post-9952","product","type-product","status-publish","has-post-thumbnail","hentry","product_cat-executivo","product_cat-audiobooks","product_cat-geral"],"_links":{"self":[{"href":"https:\/\/cursotomorrow.com\/novo\/wp-json\/wp\/v2\/product\/9952"}],"collection":[{"href":"https:\/\/cursotomorrow.com\/novo\/wp-json\/wp\/v2\/product"}],"about":[{"href":"https:\/\/cursotomorrow.com\/novo\/wp-json\/wp\/v2\/types\/product"}],"replies":[{"embeddable":true,"href":"https:\/\/cursotomorrow.com\/novo\/wp-json\/wp\/v2\/comments?post=9952"}],"wp:featuredmedia":[{"embeddable":true,"href":"https:\/\/cursotomorrow.com\/novo\/wp-json\/wp\/v2\/media\/9953"}],"wp:attachment":[{"href":"https:\/\/cursotomorrow.com\/novo\/wp-json\/wp\/v2\/media?parent=9952"}],"wp:term":[{"taxonomy":"product_cat","embeddable":true,"href":"https:\/\/cursotomorrow.com\/novo\/wp-json\/wp\/v2\/product_cat?post=9952"},{"taxonomy":"product_tag","embeddable":true,"href":"https:\/\/cursotomorrow.com\/novo\/wp-json\/wp\/v2\/product_tag?post=9952"}],"curies":[{"name":"wp","href":"https:\/\/api.w.org\/{rel}","templated":true}]}}