{"id":6199,"date":"2019-06-12T09:06:29","date_gmt":"2019-06-12T14:06:29","guid":{"rendered":"https:\/\/cursotomorrow.com\/novo\/?post_type=product&#038;p=6199"},"modified":"2022-09-02T10:34:58","modified_gmt":"2022-09-02T15:34:58","slug":"audiobook-teens-27","status":"publish","type":"product","link":"https:\/\/cursotomorrow.com\/novo\/produto\/audiobook-teens-27\/","title":{"rendered":"AudioBook &#8211; TEENS &#8211; 27"},"content":{"rendered":"<p>Uma maneira f\u00e1cil de exercitar seu ingl\u00eas est\u00e1 aqui nos <strong>Audiobooks<\/strong> da Tomorrow que j\u00e1 vem com a tradu\u00e7\u00e3o. H\u00e1 uma grande variedades de di\u00e1logos dispon\u00edveis para voc\u00ea praticar ingl\u00eas em seu celular, tablet ou computador.<\/p>\n","protected":false},"excerpt":{"rendered":"<p>Uma maneira f\u00e1cil de exercitar seu ingl\u00eas est\u00e1 aqui nos Audiobooks da Tomorrow que j\u00e1 vem com a tradu\u00e7\u00e3o. H\u00e1 uma grande variedades de di\u00e1logos dispon\u00edveis para voc\u00ea praticar ingl\u00eas em seu celular, tablet ou computador.<\/p>\n","protected":false},"featured_media":6201,"comment_status":"open","ping_status":"closed","template":"","meta":[],"product_cat":[29,25,26],"product_tag":[],"class_list":["post-6199","product","type-product","status-publish","has-post-thumbnail","hentry","product_cat-teens","product_cat-audiobooks","product_cat-geral"],"_links":{"self":[{"href":"https:\/\/cursotomorrow.com\/novo\/wp-json\/wp\/v2\/product\/6199"}],"collection":[{"href":"https:\/\/cursotomorrow.com\/novo\/wp-json\/wp\/v2\/product"}],"about":[{"href":"https:\/\/cursotomorrow.com\/novo\/wp-json\/wp\/v2\/types\/product"}],"replies":[{"embeddable":true,"href":"https:\/\/cursotomorrow.com\/novo\/wp-json\/wp\/v2\/comments?post=6199"}],"wp:featuredmedia":[{"embeddable":true,"href":"https:\/\/cursotomorrow.com\/novo\/wp-json\/wp\/v2\/media\/6201"}],"wp:attachment":[{"href":"https:\/\/cursotomorrow.com\/novo\/wp-json\/wp\/v2\/media?parent=6199"}],"wp:term":[{"taxonomy":"product_cat","embeddable":true,"href":"https:\/\/cursotomorrow.com\/novo\/wp-json\/wp\/v2\/product_cat?post=6199"},{"taxonomy":"product_tag","embeddable":true,"href":"https:\/\/cursotomorrow.com\/novo\/wp-json\/wp\/v2\/product_tag?post=6199"}],"curies":[{"name":"wp","href":"https:\/\/api.w.org\/{rel}","templated":true}]}}