{"id":6143,"date":"2019-05-29T15:54:00","date_gmt":"2019-05-29T20:54:00","guid":{"rendered":"https:\/\/cursotomorrow.com\/novo\/?post_type=product&#038;p=6143"},"modified":"2022-09-02T10:36:40","modified_gmt":"2022-09-02T15:36:40","slug":"audiobook-teens-22","status":"publish","type":"product","link":"https:\/\/cursotomorrow.com\/novo\/produto\/audiobook-teens-22\/","title":{"rendered":"AudioBook &#8211; TEENS &#8211; 22"},"content":{"rendered":"<p>Uma maneira f\u00e1cil aprender ingl\u00eas est\u00e1 aqui nos <strong>Audiobooks<\/strong> da Tomorrow e com a tradu\u00e7\u00e3o. H\u00e1 uma grande variedades de di\u00e1logos para voc\u00ea praticar no celular, tablet ou computador todos os dias.<\/p>\n","protected":false},"excerpt":{"rendered":"<p>Uma maneira f\u00e1cil aprender ingl\u00eas est\u00e1 aqui nos Audiobooks da Tomorrow e com a tradu\u00e7\u00e3o. H\u00e1 uma grande variedades de di\u00e1logos para voc\u00ea praticar no celular, tablet ou computador todos os dias.<\/p>\n","protected":false},"featured_media":6145,"comment_status":"open","ping_status":"closed","template":"","meta":[],"product_cat":[29,25,26],"product_tag":[],"class_list":["post-6143","product","type-product","status-publish","has-post-thumbnail","hentry","product_cat-teens","product_cat-audiobooks","product_cat-geral"],"_links":{"self":[{"href":"https:\/\/cursotomorrow.com\/novo\/wp-json\/wp\/v2\/product\/6143"}],"collection":[{"href":"https:\/\/cursotomorrow.com\/novo\/wp-json\/wp\/v2\/product"}],"about":[{"href":"https:\/\/cursotomorrow.com\/novo\/wp-json\/wp\/v2\/types\/product"}],"replies":[{"embeddable":true,"href":"https:\/\/cursotomorrow.com\/novo\/wp-json\/wp\/v2\/comments?post=6143"}],"wp:featuredmedia":[{"embeddable":true,"href":"https:\/\/cursotomorrow.com\/novo\/wp-json\/wp\/v2\/media\/6145"}],"wp:attachment":[{"href":"https:\/\/cursotomorrow.com\/novo\/wp-json\/wp\/v2\/media?parent=6143"}],"wp:term":[{"taxonomy":"product_cat","embeddable":true,"href":"https:\/\/cursotomorrow.com\/novo\/wp-json\/wp\/v2\/product_cat?post=6143"},{"taxonomy":"product_tag","embeddable":true,"href":"https:\/\/cursotomorrow.com\/novo\/wp-json\/wp\/v2\/product_tag?post=6143"}],"curies":[{"name":"wp","href":"https:\/\/api.w.org\/{rel}","templated":true}]}}