{"id":5919,"date":"2019-04-09T13:25:04","date_gmt":"2019-04-09T18:25:04","guid":{"rendered":"https:\/\/cursotomorrow.com\/novo\/?post_type=product&#038;p=5919"},"modified":"2022-09-02T10:42:20","modified_gmt":"2022-09-02T15:42:20","slug":"audiobook-teens-07","status":"publish","type":"product","link":"https:\/\/cursotomorrow.com\/novo\/produto\/audiobook-teens-07\/","title":{"rendered":"AudioBook &#8211; TEENS &#8211; 07"},"content":{"rendered":"<p>Uma maneira f\u00e1cil de aprender ingl\u00eas est\u00e1 aqui nos <strong>Audiobooks<\/strong> da Tomorrow e com a tradu\u00e7\u00e3o. H\u00e1 uma grande variedade de di\u00e1logos dispon\u00edveis para voc\u00ea praticar no seu celular todos os dias.<\/p>\n","protected":false},"excerpt":{"rendered":"<p>Uma maneira f\u00e1cil de aprender ingl\u00eas est\u00e1 aqui nos Audiobooks da Tomorrow e com a tradu\u00e7\u00e3o. H\u00e1 uma grande variedade de di\u00e1logos dispon\u00edveis para voc\u00ea praticar no seu celular todos os dias.<\/p>\n","protected":false},"featured_media":5921,"comment_status":"open","ping_status":"closed","template":"","meta":[],"product_cat":[29,28,25,26],"product_tag":[],"class_list":["post-5919","product","type-product","status-publish","has-post-thumbnail","hentry","product_cat-teens","product_cat-verbos","product_cat-audiobooks","product_cat-geral"],"_links":{"self":[{"href":"https:\/\/cursotomorrow.com\/novo\/wp-json\/wp\/v2\/product\/5919"}],"collection":[{"href":"https:\/\/cursotomorrow.com\/novo\/wp-json\/wp\/v2\/product"}],"about":[{"href":"https:\/\/cursotomorrow.com\/novo\/wp-json\/wp\/v2\/types\/product"}],"replies":[{"embeddable":true,"href":"https:\/\/cursotomorrow.com\/novo\/wp-json\/wp\/v2\/comments?post=5919"}],"wp:featuredmedia":[{"embeddable":true,"href":"https:\/\/cursotomorrow.com\/novo\/wp-json\/wp\/v2\/media\/5921"}],"wp:attachment":[{"href":"https:\/\/cursotomorrow.com\/novo\/wp-json\/wp\/v2\/media?parent=5919"}],"wp:term":[{"taxonomy":"product_cat","embeddable":true,"href":"https:\/\/cursotomorrow.com\/novo\/wp-json\/wp\/v2\/product_cat?post=5919"},{"taxonomy":"product_tag","embeddable":true,"href":"https:\/\/cursotomorrow.com\/novo\/wp-json\/wp\/v2\/product_tag?post=5919"}],"curies":[{"name":"wp","href":"https:\/\/api.w.org\/{rel}","templated":true}]}}