{"id":5896,"date":"2019-04-05T09:40:17","date_gmt":"2019-04-05T14:40:17","guid":{"rendered":"https:\/\/cursotomorrow.com\/novo\/?post_type=product&#038;p=5896"},"modified":"2022-09-02T10:42:54","modified_gmt":"2022-09-02T15:42:54","slug":"audiobook-teens-05","status":"publish","type":"product","link":"https:\/\/cursotomorrow.com\/novo\/produto\/audiobook-teens-05\/","title":{"rendered":"AudioBook &#8211; TEENS &#8211; 05"},"content":{"rendered":"<p>Uma maneira f\u00e1cil de aprender ingl\u00eas est\u00e1 aqui nos <strong>Audiobooks<\/strong> da Tomorrow que j\u00e1 vem com a tradu\u00e7\u00e3o. H\u00e1 uma grande variedade de di\u00e1logos dispon\u00edveis para voc\u00ea praticar no seu celular, tablet ou computador.<\/p>\n","protected":false},"excerpt":{"rendered":"<p>Uma maneira f\u00e1cil de aprender ingl\u00eas est\u00e1 aqui nos Audiobooks da Tomorrow que j\u00e1 vem com a tradu\u00e7\u00e3o. H\u00e1 uma grande variedade de di\u00e1logos dispon\u00edveis para voc\u00ea praticar no seu celular, tablet ou computador.<\/p>\n","protected":false},"featured_media":5898,"comment_status":"open","ping_status":"closed","template":"","meta":[],"product_cat":[29,28,25,26],"product_tag":[],"class_list":["post-5896","product","type-product","status-publish","has-post-thumbnail","hentry","product_cat-teens","product_cat-verbos","product_cat-audiobooks","product_cat-geral"],"_links":{"self":[{"href":"https:\/\/cursotomorrow.com\/novo\/wp-json\/wp\/v2\/product\/5896"}],"collection":[{"href":"https:\/\/cursotomorrow.com\/novo\/wp-json\/wp\/v2\/product"}],"about":[{"href":"https:\/\/cursotomorrow.com\/novo\/wp-json\/wp\/v2\/types\/product"}],"replies":[{"embeddable":true,"href":"https:\/\/cursotomorrow.com\/novo\/wp-json\/wp\/v2\/comments?post=5896"}],"wp:featuredmedia":[{"embeddable":true,"href":"https:\/\/cursotomorrow.com\/novo\/wp-json\/wp\/v2\/media\/5898"}],"wp:attachment":[{"href":"https:\/\/cursotomorrow.com\/novo\/wp-json\/wp\/v2\/media?parent=5896"}],"wp:term":[{"taxonomy":"product_cat","embeddable":true,"href":"https:\/\/cursotomorrow.com\/novo\/wp-json\/wp\/v2\/product_cat?post=5896"},{"taxonomy":"product_tag","embeddable":true,"href":"https:\/\/cursotomorrow.com\/novo\/wp-json\/wp\/v2\/product_tag?post=5896"}],"curies":[{"name":"wp","href":"https:\/\/api.w.org\/{rel}","templated":true}]}}