{"id":5817,"date":"2019-03-29T14:29:07","date_gmt":"2019-03-29T19:29:07","guid":{"rendered":"https:\/\/cursotomorrow.com\/novo\/?post_type=product&#038;p=5817"},"modified":"2022-09-02T10:43:55","modified_gmt":"2022-09-02T15:43:55","slug":"audiobook-02-teens","status":"publish","type":"product","link":"https:\/\/cursotomorrow.com\/novo\/produto\/audiobook-02-teens\/","title":{"rendered":"AudioBook &#8211; TEENS &#8211; 02"},"content":{"rendered":"<p>Uma maneira f\u00e1cil de praticar ingl\u00eas est\u00e1 aqui nos <strong>Audiobooks<\/strong>\u00a0com v\u00e1rios di\u00e1logos j\u00e1 traduzidos. Pratique Ingl\u00eas no seu celular, tablet ou computador.<\/p>\n","protected":false},"excerpt":{"rendered":"<p>Uma maneira f\u00e1cil de praticar ingl\u00eas est\u00e1 aqui nos Audiobooks\u00a0com v\u00e1rios di\u00e1logos j\u00e1 traduzidos. Pratique Ingl\u00eas no seu celular, tablet ou computador.<\/p>\n","protected":false},"featured_media":5819,"comment_status":"open","ping_status":"closed","template":"","meta":[],"product_cat":[29,28,25,26],"product_tag":[],"class_list":["post-5817","product","type-product","status-publish","has-post-thumbnail","hentry","product_cat-teens","product_cat-verbos","product_cat-audiobooks","product_cat-geral"],"_links":{"self":[{"href":"https:\/\/cursotomorrow.com\/novo\/wp-json\/wp\/v2\/product\/5817"}],"collection":[{"href":"https:\/\/cursotomorrow.com\/novo\/wp-json\/wp\/v2\/product"}],"about":[{"href":"https:\/\/cursotomorrow.com\/novo\/wp-json\/wp\/v2\/types\/product"}],"replies":[{"embeddable":true,"href":"https:\/\/cursotomorrow.com\/novo\/wp-json\/wp\/v2\/comments?post=5817"}],"wp:featuredmedia":[{"embeddable":true,"href":"https:\/\/cursotomorrow.com\/novo\/wp-json\/wp\/v2\/media\/5819"}],"wp:attachment":[{"href":"https:\/\/cursotomorrow.com\/novo\/wp-json\/wp\/v2\/media?parent=5817"}],"wp:term":[{"taxonomy":"product_cat","embeddable":true,"href":"https:\/\/cursotomorrow.com\/novo\/wp-json\/wp\/v2\/product_cat?post=5817"},{"taxonomy":"product_tag","embeddable":true,"href":"https:\/\/cursotomorrow.com\/novo\/wp-json\/wp\/v2\/product_tag?post=5817"}],"curies":[{"name":"wp","href":"https:\/\/api.w.org\/{rel}","templated":true}]}}