{"id":5727,"date":"2019-03-14T14:13:49","date_gmt":"2019-03-14T19:13:49","guid":{"rendered":"https:\/\/cursotomorrow.com\/novo\/?post_type=product&#038;p=5727"},"modified":"2023-03-28T11:36:51","modified_gmt":"2023-03-28T16:36:51","slug":"modulo-avancado","status":"publish","type":"product","link":"https:\/\/cursotomorrow.com\/novo\/produto\/modulo-avancado\/","title":{"rendered":"M\u00f3dulo Avan\u00e7ado"},"content":{"rendered":"<p>S\u00e3o 20 di\u00e1logos com a tradu\u00e7\u00e3o e uma lista de verbos (Regulares e Irregulares) para voc\u00ea praticar todos os dias no seu celular. Voc\u00ea pode rever quantas vezes for melhor para voc\u00ea, mesmo antes de dormir ou a caminho de suas atividades.<\/p>\n","protected":false},"excerpt":{"rendered":"<p>S\u00e3o 20 di\u00e1logos com a tradu\u00e7\u00e3o e uma lista de verbos (Regulares e Irregulares) para voc\u00ea praticar todos os dias no seu celular. Voc\u00ea pode rever quantas vezes for melhor para voc\u00ea, mesmo antes de dormir ou a caminho de &hellip; <a href=\"https:\/\/cursotomorrow.com\/novo\/produto\/modulo-avancado\/\">Continue lendo <span class=\"meta-nav\">&rarr;<\/span><\/a><\/p>\n","protected":false},"featured_media":5738,"comment_status":"open","ping_status":"closed","template":"","meta":[],"product_cat":[33,26],"product_tag":[],"class_list":["post-5727","product","type-product","status-publish","has-post-thumbnail","hentry","product_cat-avancado","product_cat-geral"],"_links":{"self":[{"href":"https:\/\/cursotomorrow.com\/novo\/wp-json\/wp\/v2\/product\/5727"}],"collection":[{"href":"https:\/\/cursotomorrow.com\/novo\/wp-json\/wp\/v2\/product"}],"about":[{"href":"https:\/\/cursotomorrow.com\/novo\/wp-json\/wp\/v2\/types\/product"}],"replies":[{"embeddable":true,"href":"https:\/\/cursotomorrow.com\/novo\/wp-json\/wp\/v2\/comments?post=5727"}],"wp:featuredmedia":[{"embeddable":true,"href":"https:\/\/cursotomorrow.com\/novo\/wp-json\/wp\/v2\/media\/5738"}],"wp:attachment":[{"href":"https:\/\/cursotomorrow.com\/novo\/wp-json\/wp\/v2\/media?parent=5727"}],"wp:term":[{"taxonomy":"product_cat","embeddable":true,"href":"https:\/\/cursotomorrow.com\/novo\/wp-json\/wp\/v2\/product_cat?post=5727"},{"taxonomy":"product_tag","embeddable":true,"href":"https:\/\/cursotomorrow.com\/novo\/wp-json\/wp\/v2\/product_tag?post=5727"}],"curies":[{"name":"wp","href":"https:\/\/api.w.org\/{rel}","templated":true}]}}