{"id":5479,"date":"2019-01-18T15:23:22","date_gmt":"2019-01-18T20:23:22","guid":{"rendered":"https:\/\/cursotomorrow.com\/novo\/?post_type=product&#038;p=5479"},"modified":"2022-09-02T10:49:40","modified_gmt":"2022-09-02T15:49:40","slug":"audiobook-08-intermediario","status":"publish","type":"product","link":"https:\/\/cursotomorrow.com\/novo\/produto\/audiobook-08-intermediario\/","title":{"rendered":"AudioBook 08 &#8211; Intermedi\u00e1rio"},"content":{"rendered":"<p>Adquira seu AudioBook Intermedi\u00e1rio com v\u00e1rios di\u00e1logos. Fa\u00e7a o Download e estude pelo seu Celular, Tablet, Computador e onde voc\u00ea quiser! Se voc\u00ea j\u00e1 adquiriu este produto, acesse a sua conta e v\u00e1 at\u00e9 a \u00e1rea de Downloads!<\/p>\n","protected":false},"excerpt":{"rendered":"<p>Adquira seu AudioBook Intermedi\u00e1rio com v\u00e1rios di\u00e1logos. Fa\u00e7a o Download e estude pelo seu Celular, Tablet, Computador e onde voc\u00ea quiser! Se voc\u00ea j\u00e1 adquiriu este produto, acesse a sua conta e v\u00e1 at\u00e9 a \u00e1rea de Downloads!<\/p>\n","protected":false},"featured_media":5475,"comment_status":"open","ping_status":"closed","template":"","meta":[],"product_cat":[32,25,26],"product_tag":[],"class_list":["post-5479","product","type-product","status-publish","has-post-thumbnail","hentry","product_cat-intermediario","product_cat-audiobooks","product_cat-geral"],"_links":{"self":[{"href":"https:\/\/cursotomorrow.com\/novo\/wp-json\/wp\/v2\/product\/5479"}],"collection":[{"href":"https:\/\/cursotomorrow.com\/novo\/wp-json\/wp\/v2\/product"}],"about":[{"href":"https:\/\/cursotomorrow.com\/novo\/wp-json\/wp\/v2\/types\/product"}],"replies":[{"embeddable":true,"href":"https:\/\/cursotomorrow.com\/novo\/wp-json\/wp\/v2\/comments?post=5479"}],"wp:featuredmedia":[{"embeddable":true,"href":"https:\/\/cursotomorrow.com\/novo\/wp-json\/wp\/v2\/media\/5475"}],"wp:attachment":[{"href":"https:\/\/cursotomorrow.com\/novo\/wp-json\/wp\/v2\/media?parent=5479"}],"wp:term":[{"taxonomy":"product_cat","embeddable":true,"href":"https:\/\/cursotomorrow.com\/novo\/wp-json\/wp\/v2\/product_cat?post=5479"},{"taxonomy":"product_tag","embeddable":true,"href":"https:\/\/cursotomorrow.com\/novo\/wp-json\/wp\/v2\/product_tag?post=5479"}],"curies":[{"name":"wp","href":"https:\/\/api.w.org\/{rel}","templated":true}]}}