{"id":5452,"date":"2019-01-14T10:20:23","date_gmt":"2019-01-14T15:20:23","guid":{"rendered":"https:\/\/cursotomorrow.com\/novo\/?post_type=product&#038;p=5452"},"modified":"2022-09-02T10:50:36","modified_gmt":"2022-09-02T15:50:36","slug":"audiobook-05-intermediario","status":"publish","type":"product","link":"https:\/\/cursotomorrow.com\/novo\/produto\/audiobook-05-intermediario\/","title":{"rendered":"AudioBook 05 &#8211; Intermedi\u00e1rio"},"content":{"rendered":"<p>Uma maneira f\u00e1cil de exercitar o seu ingl\u00eas est\u00e1 aqui nos <strong>Audiobooks<\/strong> da Tomorrow que j\u00e1 vem com a tradu\u00e7\u00e3o. H\u00e1 uma grande variedades de di\u00e1logos j\u00e1 dispon\u00edveis para voc\u00ea praticar seu ingl\u00eas pelo seu celular, tablet ou computador. Ao adquirir qualquer deles um acesse a sua conta e v\u00e1 at\u00e9 a \u00e1rea de Downloads!<\/p>\n","protected":false},"excerpt":{"rendered":"<p>Uma maneira f\u00e1cil de exercitar o seu ingl\u00eas est\u00e1 aqui nos Audiobooks da Tomorrow que j\u00e1 vem com a tradu\u00e7\u00e3o. H\u00e1 uma grande variedades de di\u00e1logos j\u00e1 dispon\u00edveis para voc\u00ea praticar seu ingl\u00eas pelo seu celular, tablet ou computador. Ao &hellip; <a href=\"https:\/\/cursotomorrow.com\/novo\/produto\/audiobook-05-intermediario\/\">Continue lendo <span class=\"meta-nav\">&rarr;<\/span><\/a><\/p>\n","protected":false},"featured_media":5454,"comment_status":"open","ping_status":"closed","template":"","meta":[],"product_cat":[32,25,26],"product_tag":[],"class_list":["post-5452","product","type-product","status-publish","has-post-thumbnail","hentry","product_cat-intermediario","product_cat-audiobooks","product_cat-geral"],"_links":{"self":[{"href":"https:\/\/cursotomorrow.com\/novo\/wp-json\/wp\/v2\/product\/5452"}],"collection":[{"href":"https:\/\/cursotomorrow.com\/novo\/wp-json\/wp\/v2\/product"}],"about":[{"href":"https:\/\/cursotomorrow.com\/novo\/wp-json\/wp\/v2\/types\/product"}],"replies":[{"embeddable":true,"href":"https:\/\/cursotomorrow.com\/novo\/wp-json\/wp\/v2\/comments?post=5452"}],"wp:featuredmedia":[{"embeddable":true,"href":"https:\/\/cursotomorrow.com\/novo\/wp-json\/wp\/v2\/media\/5454"}],"wp:attachment":[{"href":"https:\/\/cursotomorrow.com\/novo\/wp-json\/wp\/v2\/media?parent=5452"}],"wp:term":[{"taxonomy":"product_cat","embeddable":true,"href":"https:\/\/cursotomorrow.com\/novo\/wp-json\/wp\/v2\/product_cat?post=5452"},{"taxonomy":"product_tag","embeddable":true,"href":"https:\/\/cursotomorrow.com\/novo\/wp-json\/wp\/v2\/product_tag?post=5452"}],"curies":[{"name":"wp","href":"https:\/\/api.w.org\/{rel}","templated":true}]}}