{"id":5443,"date":"2019-01-14T10:12:30","date_gmt":"2019-01-14T15:12:30","guid":{"rendered":"https:\/\/cursotomorrow.com\/novo\/?post_type=product&#038;p=5443"},"modified":"2022-09-02T10:51:50","modified_gmt":"2022-09-02T15:51:50","slug":"audiobook-02-intermediario","status":"publish","type":"product","link":"https:\/\/cursotomorrow.com\/novo\/produto\/audiobook-02-intermediario\/","title":{"rendered":"AudioBook 02 &#8211; Intermedi\u00e1rio"},"content":{"rendered":"<p>Uma maneira f\u00e1cil de praticar seu ingl\u00eas est\u00e1 aqui nos <strong>Audiobooks\u00a0<\/strong>que j\u00e1 vem com a tradu\u00e7\u00e3o. H\u00e1 uma grande variedades de di\u00e1logos j\u00e1 dispon\u00edveis no seu celular, tablet ou computador. Fa\u00e7a j\u00e1 seu Download!<\/p>\n","protected":false},"excerpt":{"rendered":"<p>Uma maneira f\u00e1cil de praticar seu ingl\u00eas est\u00e1 aqui nos Audiobooks\u00a0que j\u00e1 vem com a tradu\u00e7\u00e3o. H\u00e1 uma grande variedades de di\u00e1logos j\u00e1 dispon\u00edveis no seu celular, tablet ou computador. Fa\u00e7a j\u00e1 seu Download!<\/p>\n","protected":false},"featured_media":5445,"comment_status":"open","ping_status":"closed","template":"","meta":[],"product_cat":[32,25,26],"product_tag":[],"class_list":["post-5443","product","type-product","status-publish","has-post-thumbnail","hentry","product_cat-intermediario","product_cat-audiobooks","product_cat-geral"],"_links":{"self":[{"href":"https:\/\/cursotomorrow.com\/novo\/wp-json\/wp\/v2\/product\/5443"}],"collection":[{"href":"https:\/\/cursotomorrow.com\/novo\/wp-json\/wp\/v2\/product"}],"about":[{"href":"https:\/\/cursotomorrow.com\/novo\/wp-json\/wp\/v2\/types\/product"}],"replies":[{"embeddable":true,"href":"https:\/\/cursotomorrow.com\/novo\/wp-json\/wp\/v2\/comments?post=5443"}],"wp:featuredmedia":[{"embeddable":true,"href":"https:\/\/cursotomorrow.com\/novo\/wp-json\/wp\/v2\/media\/5445"}],"wp:attachment":[{"href":"https:\/\/cursotomorrow.com\/novo\/wp-json\/wp\/v2\/media?parent=5443"}],"wp:term":[{"taxonomy":"product_cat","embeddable":true,"href":"https:\/\/cursotomorrow.com\/novo\/wp-json\/wp\/v2\/product_cat?post=5443"},{"taxonomy":"product_tag","embeddable":true,"href":"https:\/\/cursotomorrow.com\/novo\/wp-json\/wp\/v2\/product_tag?post=5443"}],"curies":[{"name":"wp","href":"https:\/\/api.w.org\/{rel}","templated":true}]}}