{"id":5065,"date":"2018-11-29T14:17:41","date_gmt":"2018-11-29T19:17:41","guid":{"rendered":"http:\/\/cursotomorrow.com\/novo\/?post_type=product&#038;p=5065"},"modified":"2022-09-02T17:32:54","modified_gmt":"2022-09-02T22:32:54","slug":"audiobook-11","status":"publish","type":"product","link":"https:\/\/cursotomorrow.com\/novo\/produto\/audiobook-11\/","title":{"rendered":"AudioBook 11 B\u00c1SICO"},"content":{"rendered":"<p>Uma maneira f\u00e1cil de estudar e treinar o seu ingl\u00eas est\u00e1 aqui nos <strong>Audiobooks<\/strong> da Tomorrow que j\u00e1 vem com a tradu\u00e7\u00e3o. H\u00e1 uma grande variedades de di\u00e1logos j\u00e1 dispon\u00edveis para voc\u00ea praticar seu ingl\u00eas no seu celular, tablet ou computador. Ao adquirir qualquer um deles, acesse a sua conta e v\u00e1 at\u00e9 a \u00e1rea de Downloads!<\/p>\n","protected":false},"excerpt":{"rendered":"<p>Uma maneira f\u00e1cil de estudar e treinar o seu ingl\u00eas est\u00e1 aqui nos Audiobooks da Tomorrow que j\u00e1 vem com a tradu\u00e7\u00e3o. H\u00e1 uma grande variedades de di\u00e1logos j\u00e1 dispon\u00edveis para voc\u00ea praticar seu ingl\u00eas no seu celular, tablet ou &hellip; <a href=\"https:\/\/cursotomorrow.com\/novo\/produto\/audiobook-11\/\">Continue lendo <span class=\"meta-nav\">&rarr;<\/span><\/a><\/p>\n","protected":false},"featured_media":5069,"comment_status":"open","ping_status":"closed","template":"","meta":[],"product_cat":[31,25,26],"product_tag":[],"class_list":["post-5065","product","type-product","status-publish","has-post-thumbnail","hentry","product_cat-basico","product_cat-audiobooks","product_cat-geral"],"_links":{"self":[{"href":"https:\/\/cursotomorrow.com\/novo\/wp-json\/wp\/v2\/product\/5065"}],"collection":[{"href":"https:\/\/cursotomorrow.com\/novo\/wp-json\/wp\/v2\/product"}],"about":[{"href":"https:\/\/cursotomorrow.com\/novo\/wp-json\/wp\/v2\/types\/product"}],"replies":[{"embeddable":true,"href":"https:\/\/cursotomorrow.com\/novo\/wp-json\/wp\/v2\/comments?post=5065"}],"wp:featuredmedia":[{"embeddable":true,"href":"https:\/\/cursotomorrow.com\/novo\/wp-json\/wp\/v2\/media\/5069"}],"wp:attachment":[{"href":"https:\/\/cursotomorrow.com\/novo\/wp-json\/wp\/v2\/media?parent=5065"}],"wp:term":[{"taxonomy":"product_cat","embeddable":true,"href":"https:\/\/cursotomorrow.com\/novo\/wp-json\/wp\/v2\/product_cat?post=5065"},{"taxonomy":"product_tag","embeddable":true,"href":"https:\/\/cursotomorrow.com\/novo\/wp-json\/wp\/v2\/product_tag?post=5065"}],"curies":[{"name":"wp","href":"https:\/\/api.w.org\/{rel}","templated":true}]}}