{"id":5025,"date":"2018-11-07T15:43:50","date_gmt":"2018-11-07T20:43:50","guid":{"rendered":"http:\/\/cursotomorrow.com\/novo\/?post_type=product&#038;p=5025"},"modified":"2022-09-02T10:57:30","modified_gmt":"2022-09-02T15:57:30","slug":"audiobook-09","status":"publish","type":"product","link":"https:\/\/cursotomorrow.com\/novo\/produto\/audiobook-09\/","title":{"rendered":"AudioBook 09 B\u00c1SICO"},"content":{"rendered":"<p>Uma maneira f\u00e1cil de praticar seu ingl\u00eas est\u00e1 aqui nos Audiobooks da Tomorrow que j\u00e1 vem com a tradu\u00e7\u00e3o. H\u00e1 muitos di\u00e1logos j\u00e1 dispon\u00edveis para voc\u00ea praticar em seu celular todos os dias.<\/p>\n","protected":false},"excerpt":{"rendered":"<p>Uma maneira f\u00e1cil de praticar seu ingl\u00eas est\u00e1 aqui nos Audiobooks da Tomorrow que j\u00e1 vem com a tradu\u00e7\u00e3o. H\u00e1 muitos di\u00e1logos j\u00e1 dispon\u00edveis para voc\u00ea praticar em seu celular todos os dias.<\/p>\n","protected":false},"featured_media":5029,"comment_status":"open","ping_status":"closed","template":"","meta":[],"product_cat":[31,25,26],"product_tag":[],"class_list":["post-5025","product","type-product","status-publish","has-post-thumbnail","hentry","product_cat-basico","product_cat-audiobooks","product_cat-geral"],"_links":{"self":[{"href":"https:\/\/cursotomorrow.com\/novo\/wp-json\/wp\/v2\/product\/5025"}],"collection":[{"href":"https:\/\/cursotomorrow.com\/novo\/wp-json\/wp\/v2\/product"}],"about":[{"href":"https:\/\/cursotomorrow.com\/novo\/wp-json\/wp\/v2\/types\/product"}],"replies":[{"embeddable":true,"href":"https:\/\/cursotomorrow.com\/novo\/wp-json\/wp\/v2\/comments?post=5025"}],"wp:featuredmedia":[{"embeddable":true,"href":"https:\/\/cursotomorrow.com\/novo\/wp-json\/wp\/v2\/media\/5029"}],"wp:attachment":[{"href":"https:\/\/cursotomorrow.com\/novo\/wp-json\/wp\/v2\/media?parent=5025"}],"wp:term":[{"taxonomy":"product_cat","embeddable":true,"href":"https:\/\/cursotomorrow.com\/novo\/wp-json\/wp\/v2\/product_cat?post=5025"},{"taxonomy":"product_tag","embeddable":true,"href":"https:\/\/cursotomorrow.com\/novo\/wp-json\/wp\/v2\/product_tag?post=5025"}],"curies":[{"name":"wp","href":"https:\/\/api.w.org\/{rel}","templated":true}]}}