{"id":5005,"date":"2018-11-07T13:34:04","date_gmt":"2018-11-07T18:34:04","guid":{"rendered":"http:\/\/cursotomorrow.com\/novo\/?post_type=product&#038;p=5005"},"modified":"2023-03-14T16:10:19","modified_gmt":"2023-03-14T21:10:19","slug":"audiobook-01","status":"publish","type":"product","link":"https:\/\/cursotomorrow.com\/novo\/produto\/audiobook-01\/","title":{"rendered":"AudioBook 01 B\u00c1SICO"},"content":{"rendered":"<p>Uma maneira f\u00e1cil de praticar seu ingl\u00eas est\u00e1 aqui nesses tr\u00eas (<strong>Audiobooks) <\/strong>que j\u00e1 vem com a tradu\u00e7\u00e3o. H\u00e1 uma grande variedades de di\u00e1logos j\u00e1 dispon\u00edveis no seu celular, tablet ou computador. Fa\u00e7a j\u00e1 seu Download!<\/p>\n","protected":false},"excerpt":{"rendered":"<p>Uma maneira f\u00e1cil de praticar seu ingl\u00eas est\u00e1 aqui nesses tr\u00eas (Audiobooks) que j\u00e1 vem com a tradu\u00e7\u00e3o. H\u00e1 uma grande variedades de di\u00e1logos j\u00e1 dispon\u00edveis no seu celular, tablet ou computador. Fa\u00e7a j\u00e1 seu Download!<\/p>\n","protected":false},"featured_media":4991,"comment_status":"open","ping_status":"closed","template":"","meta":[],"product_cat":[31,25,26],"product_tag":[],"class_list":["post-5005","product","type-product","status-publish","has-post-thumbnail","hentry","product_cat-basico","product_cat-audiobooks","product_cat-geral"],"_links":{"self":[{"href":"https:\/\/cursotomorrow.com\/novo\/wp-json\/wp\/v2\/product\/5005"}],"collection":[{"href":"https:\/\/cursotomorrow.com\/novo\/wp-json\/wp\/v2\/product"}],"about":[{"href":"https:\/\/cursotomorrow.com\/novo\/wp-json\/wp\/v2\/types\/product"}],"replies":[{"embeddable":true,"href":"https:\/\/cursotomorrow.com\/novo\/wp-json\/wp\/v2\/comments?post=5005"}],"wp:featuredmedia":[{"embeddable":true,"href":"https:\/\/cursotomorrow.com\/novo\/wp-json\/wp\/v2\/media\/4991"}],"wp:attachment":[{"href":"https:\/\/cursotomorrow.com\/novo\/wp-json\/wp\/v2\/media?parent=5005"}],"wp:term":[{"taxonomy":"product_cat","embeddable":true,"href":"https:\/\/cursotomorrow.com\/novo\/wp-json\/wp\/v2\/product_cat?post=5005"},{"taxonomy":"product_tag","embeddable":true,"href":"https:\/\/cursotomorrow.com\/novo\/wp-json\/wp\/v2\/product_tag?post=5005"}],"curies":[{"name":"wp","href":"https:\/\/api.w.org\/{rel}","templated":true}]}}