{"id":4306,"date":"2018-05-21T14:08:55","date_gmt":"2018-05-21T19:08:55","guid":{"rendered":"http:\/\/cursotomorrow.com\/novo\/?post_type=product&#038;p=4306"},"modified":"2020-09-01T15:57:32","modified_gmt":"2020-09-01T20:57:32","slug":"aprenda-ingles-via-skype-prata-duplo","status":"publish","type":"product","link":"https:\/\/cursotomorrow.com\/novo\/produto\/aprenda-ingles-via-skype-prata-duplo\/","title":{"rendered":"pratique Ingl\u00eas aqui &#8211; Prata Duplo"},"content":{"rendered":"<p>Com uma rotina cada vez mais corrida, parece que 24 horas n\u00e3o s\u00e3o o bastante para fazer tudo o que \u00e9 necess\u00e1rio. Entre as aulas da faculdade e a maratona da \u00faltima temporada da sua seria favorita na Netflix muitas vezes parece imposs\u00edvel encaixar o aprendizado de um novo idioma.\u00a0E \u00e9 a\u00ed que a tecnologia pode ajudar. Nas aulas da Tomorrow, voc\u00ea tem a liberdade de definir qual hor\u00e1rio \u00e9 melhor para voc\u00ea. Junte se a nos!<\/p>\n","protected":false},"excerpt":{"rendered":"<p>Com uma rotina cada vez mais corrida, parece que 24 horas n\u00e3o s\u00e3o o bastante para fazer tudo o que \u00e9 necess\u00e1rio. Entre as aulas da faculdade e a maratona da \u00faltima temporada da sua seria favorita na Netflix muitas &hellip; <a href=\"https:\/\/cursotomorrow.com\/novo\/produto\/aprenda-ingles-via-skype-prata-duplo\/\">Continue lendo <span class=\"meta-nav\">&rarr;<\/span><\/a><\/p>\n","protected":false},"featured_media":6898,"comment_status":"open","ping_status":"closed","template":"","meta":[],"product_cat":[26],"product_tag":[],"class_list":["post-4306","product","type-product","status-publish","has-post-thumbnail","hentry","product_cat-geral"],"_links":{"self":[{"href":"https:\/\/cursotomorrow.com\/novo\/wp-json\/wp\/v2\/product\/4306"}],"collection":[{"href":"https:\/\/cursotomorrow.com\/novo\/wp-json\/wp\/v2\/product"}],"about":[{"href":"https:\/\/cursotomorrow.com\/novo\/wp-json\/wp\/v2\/types\/product"}],"replies":[{"embeddable":true,"href":"https:\/\/cursotomorrow.com\/novo\/wp-json\/wp\/v2\/comments?post=4306"}],"wp:featuredmedia":[{"embeddable":true,"href":"https:\/\/cursotomorrow.com\/novo\/wp-json\/wp\/v2\/media\/6898"}],"wp:attachment":[{"href":"https:\/\/cursotomorrow.com\/novo\/wp-json\/wp\/v2\/media?parent=4306"}],"wp:term":[{"taxonomy":"product_cat","embeddable":true,"href":"https:\/\/cursotomorrow.com\/novo\/wp-json\/wp\/v2\/product_cat?post=4306"},{"taxonomy":"product_tag","embeddable":true,"href":"https:\/\/cursotomorrow.com\/novo\/wp-json\/wp\/v2\/product_tag?post=4306"}],"curies":[{"name":"wp","href":"https:\/\/api.w.org\/{rel}","templated":true}]}}