{"id":3792,"date":"2018-02-26T05:45:43","date_gmt":"2018-02-26T10:45:43","guid":{"rendered":"http:\/\/cursotomorrow.com\/novo\/?post_type=product&#038;p=3792"},"modified":"2021-10-23T12:32:17","modified_gmt":"2021-10-23T17:32:17","slug":"zbook-usa-01","status":"publish","type":"product","link":"https:\/\/cursotomorrow.com\/novo\/produto\/zbook-usa-01\/","title":{"rendered":"zBook &#8211; USA 01 &#8211; Ingl\u00eas pra Viagem"},"content":{"rendered":"<p>Os Books em pdf da Tomorrow abordam assuntos como: substantivos, adjetivos, pronomes, preposi\u00e7\u00f5es, conjuga\u00e7\u00f5es, adv\u00e9rbios, tempos verbais.\u00a0Voc\u00ea tem uma viagem marcada para o exterior e isso gerou a necessidade de aprender ingl\u00eas r\u00e1pido? Ent\u00e3o baixe esse material pr\u00e1tico em PDF.<\/p>\n","protected":false},"excerpt":{"rendered":"<p>zBook &#8211; USA 01 <a href=\"https:\/\/cursotomorrow.com\/novo\/produto\/zbook-usa-01\/\">Continue lendo <span class=\"meta-nav\">&rarr;<\/span><\/a><\/p>\n","protected":false},"featured_media":3793,"comment_status":"open","ping_status":"closed","template":"","meta":[],"product_cat":[30,24,26],"product_tag":[],"class_list":["post-3792","product","type-product","status-publish","has-post-thumbnail","hentry","product_cat-livros","product_cat-biblioteca","product_cat-geral"],"_links":{"self":[{"href":"https:\/\/cursotomorrow.com\/novo\/wp-json\/wp\/v2\/product\/3792"}],"collection":[{"href":"https:\/\/cursotomorrow.com\/novo\/wp-json\/wp\/v2\/product"}],"about":[{"href":"https:\/\/cursotomorrow.com\/novo\/wp-json\/wp\/v2\/types\/product"}],"replies":[{"embeddable":true,"href":"https:\/\/cursotomorrow.com\/novo\/wp-json\/wp\/v2\/comments?post=3792"}],"wp:featuredmedia":[{"embeddable":true,"href":"https:\/\/cursotomorrow.com\/novo\/wp-json\/wp\/v2\/media\/3793"}],"wp:attachment":[{"href":"https:\/\/cursotomorrow.com\/novo\/wp-json\/wp\/v2\/media?parent=3792"}],"wp:term":[{"taxonomy":"product_cat","embeddable":true,"href":"https:\/\/cursotomorrow.com\/novo\/wp-json\/wp\/v2\/product_cat?post=3792"},{"taxonomy":"product_tag","embeddable":true,"href":"https:\/\/cursotomorrow.com\/novo\/wp-json\/wp\/v2\/product_tag?post=3792"}],"curies":[{"name":"wp","href":"https:\/\/api.w.org\/{rel}","templated":true}]}}