{"id":3788,"date":"2018-02-26T05:42:50","date_gmt":"2018-02-26T10:42:50","guid":{"rendered":"http:\/\/cursotomorrow.com\/novo\/?post_type=product&#038;p=3788"},"modified":"2021-10-23T12:49:04","modified_gmt":"2021-10-23T17:49:04","slug":"zbook-london-02","status":"publish","type":"product","link":"https:\/\/cursotomorrow.com\/novo\/produto\/zbook-london-02\/","title":{"rendered":"zBook &#8211; London 02 &#8211; Conhe\u00e7a London"},"content":{"rendered":"<p>Se voc\u00ea quer fazer interc\u00e2mbio em uma das cidades mais agitadas do mundo, London \u00e9 a sua escolha certa dentro da Inglaterra! Aqui nos te mostramos tudo sobre London mas em li\u00e7\u00f5es de Ingl\u00eas.<\/p>\n","protected":false},"excerpt":{"rendered":"<p>zBook &#8211; London 02 <a href=\"https:\/\/cursotomorrow.com\/novo\/produto\/zbook-london-02\/\">Continue lendo <span class=\"meta-nav\">&rarr;<\/span><\/a><\/p>\n","protected":false},"featured_media":3789,"comment_status":"open","ping_status":"closed","template":"","meta":[],"product_cat":[30,24,26],"product_tag":[],"class_list":["post-3788","product","type-product","status-publish","has-post-thumbnail","hentry","product_cat-livros","product_cat-biblioteca","product_cat-geral"],"_links":{"self":[{"href":"https:\/\/cursotomorrow.com\/novo\/wp-json\/wp\/v2\/product\/3788"}],"collection":[{"href":"https:\/\/cursotomorrow.com\/novo\/wp-json\/wp\/v2\/product"}],"about":[{"href":"https:\/\/cursotomorrow.com\/novo\/wp-json\/wp\/v2\/types\/product"}],"replies":[{"embeddable":true,"href":"https:\/\/cursotomorrow.com\/novo\/wp-json\/wp\/v2\/comments?post=3788"}],"wp:featuredmedia":[{"embeddable":true,"href":"https:\/\/cursotomorrow.com\/novo\/wp-json\/wp\/v2\/media\/3789"}],"wp:attachment":[{"href":"https:\/\/cursotomorrow.com\/novo\/wp-json\/wp\/v2\/media?parent=3788"}],"wp:term":[{"taxonomy":"product_cat","embeddable":true,"href":"https:\/\/cursotomorrow.com\/novo\/wp-json\/wp\/v2\/product_cat?post=3788"},{"taxonomy":"product_tag","embeddable":true,"href":"https:\/\/cursotomorrow.com\/novo\/wp-json\/wp\/v2\/product_tag?post=3788"}],"curies":[{"name":"wp","href":"https:\/\/api.w.org\/{rel}","templated":true}]}}