{"id":3784,"date":"2018-02-26T05:40:36","date_gmt":"2018-02-26T10:40:36","guid":{"rendered":"http:\/\/cursotomorrow.com\/novo\/?post_type=product&#038;p=3784"},"modified":"2021-10-23T12:49:39","modified_gmt":"2021-10-23T17:49:39","slug":"zbook-conversacao-03-expressoes-e-vocabularios","status":"publish","type":"product","link":"https:\/\/cursotomorrow.com\/novo\/produto\/zbook-conversacao-03-expressoes-e-vocabularios\/","title":{"rendered":"zBook &#8211; Conversa\u00e7\u00e3o 03 &#8211; Express\u00f5es e vocabul\u00e1rios"},"content":{"rendered":"<p>Aqui na Tomorrow, nos ajudamos voc\u00ea a falar ingl\u00eas. Comece agora mudando de vida\u00a0e aprendendo ingl\u00eas com esse material tamb\u00e9m em PDF. Baixe esse e outros que temos com 20 li\u00e7\u00f5es, vocabularios e tarefas do seu dia a dia.<\/p>\n","protected":false},"excerpt":{"rendered":"<p>zBook &#8211; Conversa\u00e7\u00e3o 03 &#8211; Express\u00f5es e vocabul\u00e1rios <a href=\"https:\/\/cursotomorrow.com\/novo\/produto\/zbook-conversacao-03-expressoes-e-vocabularios\/\">Continue lendo <span class=\"meta-nav\">&rarr;<\/span><\/a><\/p>\n","protected":false},"featured_media":3785,"comment_status":"open","ping_status":"closed","template":"","meta":[],"product_cat":[30,24,26],"product_tag":[],"class_list":["post-3784","product","type-product","status-publish","has-post-thumbnail","hentry","product_cat-livros","product_cat-biblioteca","product_cat-geral"],"_links":{"self":[{"href":"https:\/\/cursotomorrow.com\/novo\/wp-json\/wp\/v2\/product\/3784"}],"collection":[{"href":"https:\/\/cursotomorrow.com\/novo\/wp-json\/wp\/v2\/product"}],"about":[{"href":"https:\/\/cursotomorrow.com\/novo\/wp-json\/wp\/v2\/types\/product"}],"replies":[{"embeddable":true,"href":"https:\/\/cursotomorrow.com\/novo\/wp-json\/wp\/v2\/comments?post=3784"}],"wp:featuredmedia":[{"embeddable":true,"href":"https:\/\/cursotomorrow.com\/novo\/wp-json\/wp\/v2\/media\/3785"}],"wp:attachment":[{"href":"https:\/\/cursotomorrow.com\/novo\/wp-json\/wp\/v2\/media?parent=3784"}],"wp:term":[{"taxonomy":"product_cat","embeddable":true,"href":"https:\/\/cursotomorrow.com\/novo\/wp-json\/wp\/v2\/product_cat?post=3784"},{"taxonomy":"product_tag","embeddable":true,"href":"https:\/\/cursotomorrow.com\/novo\/wp-json\/wp\/v2\/product_tag?post=3784"}],"curies":[{"name":"wp","href":"https:\/\/api.w.org\/{rel}","templated":true}]}}