{"id":3771,"date":"2018-02-26T05:13:26","date_gmt":"2018-02-26T10:13:26","guid":{"rendered":"http:\/\/cursotomorrow.com\/novo\/?post_type=product&#038;p=3771"},"modified":"2021-10-23T12:39:35","modified_gmt":"2021-10-23T17:39:35","slug":"zbook-book-01-gramatica-texto-exercicio","status":"publish","type":"product","link":"https:\/\/cursotomorrow.com\/novo\/produto\/zbook-book-01-gramatica-texto-exercicio\/","title":{"rendered":"zBook &#8211; Book 01 &#8211; gram\u00e1tica &#8211; textos e exerc\u00edcios"},"content":{"rendered":"<p>Procurando <strong>Textos em Ingl\u00eas<\/strong> para praticar sua leitura, aprender vocabul\u00e1rio, fazer atividades e muito mais? Ent\u00e3o, voc\u00ea acaba de encontrar tudo aqui com v\u00e1rios textos.<\/p>\n","protected":false},"excerpt":{"rendered":"<p>zBook &#8211; Book 01 &#8211; gram\u00e1tica &#8211; texto &#8211; exerc\u00edcio <a href=\"https:\/\/cursotomorrow.com\/novo\/produto\/zbook-book-01-gramatica-texto-exercicio\/\">Continue lendo <span class=\"meta-nav\">&rarr;<\/span><\/a><\/p>\n","protected":false},"featured_media":3772,"comment_status":"open","ping_status":"closed","template":"","meta":[],"product_cat":[30,24,26],"product_tag":[],"class_list":["post-3771","product","type-product","status-publish","has-post-thumbnail","hentry","product_cat-livros","product_cat-biblioteca","product_cat-geral"],"_links":{"self":[{"href":"https:\/\/cursotomorrow.com\/novo\/wp-json\/wp\/v2\/product\/3771"}],"collection":[{"href":"https:\/\/cursotomorrow.com\/novo\/wp-json\/wp\/v2\/product"}],"about":[{"href":"https:\/\/cursotomorrow.com\/novo\/wp-json\/wp\/v2\/types\/product"}],"replies":[{"embeddable":true,"href":"https:\/\/cursotomorrow.com\/novo\/wp-json\/wp\/v2\/comments?post=3771"}],"wp:featuredmedia":[{"embeddable":true,"href":"https:\/\/cursotomorrow.com\/novo\/wp-json\/wp\/v2\/media\/3772"}],"wp:attachment":[{"href":"https:\/\/cursotomorrow.com\/novo\/wp-json\/wp\/v2\/media?parent=3771"}],"wp:term":[{"taxonomy":"product_cat","embeddable":true,"href":"https:\/\/cursotomorrow.com\/novo\/wp-json\/wp\/v2\/product_cat?post=3771"},{"taxonomy":"product_tag","embeddable":true,"href":"https:\/\/cursotomorrow.com\/novo\/wp-json\/wp\/v2\/product_tag?post=3771"}],"curies":[{"name":"wp","href":"https:\/\/api.w.org\/{rel}","templated":true}]}}