{"id":3460,"date":"2017-10-17T07:38:06","date_gmt":"2017-10-17T12:38:06","guid":{"rendered":"http:\/\/cursotomorrow.com\/novo\/?post_type=product&#038;p=3460"},"modified":"2021-10-23T12:40:01","modified_gmt":"2021-10-23T17:40:01","slug":"zbook-conversation-questions-and-answers","status":"publish","type":"product","link":"https:\/\/cursotomorrow.com\/novo\/produto\/zbook-conversation-questions-and-answers\/","title":{"rendered":"zBook &#8211; Conversation questions and answers"},"content":{"rendered":"<p>Muitas vezes, nos preocupamos em aprender palavras em ingl\u00eas relacionadas a trabalho ou viagens e esquecemos palavras relacionadas a coisas que fazemos no dia a dia. S\u00f3 prestamos aten\u00e7\u00e3o quando tentamos falar sobre elas em ingl\u00eas. Confira aqui!<\/p>\n","protected":false},"excerpt":{"rendered":"<p>zBook &#8211; Conversation questions and answers <a href=\"https:\/\/cursotomorrow.com\/novo\/produto\/zbook-conversation-questions-and-answers\/\">Continue lendo <span class=\"meta-nav\">&rarr;<\/span><\/a><\/p>\n","protected":false},"featured_media":3461,"comment_status":"open","ping_status":"closed","template":"","meta":[],"product_cat":[30,24,26],"product_tag":[],"class_list":["post-3460","product","type-product","status-publish","has-post-thumbnail","hentry","product_cat-livros","product_cat-biblioteca","product_cat-geral"],"_links":{"self":[{"href":"https:\/\/cursotomorrow.com\/novo\/wp-json\/wp\/v2\/product\/3460"}],"collection":[{"href":"https:\/\/cursotomorrow.com\/novo\/wp-json\/wp\/v2\/product"}],"about":[{"href":"https:\/\/cursotomorrow.com\/novo\/wp-json\/wp\/v2\/types\/product"}],"replies":[{"embeddable":true,"href":"https:\/\/cursotomorrow.com\/novo\/wp-json\/wp\/v2\/comments?post=3460"}],"wp:featuredmedia":[{"embeddable":true,"href":"https:\/\/cursotomorrow.com\/novo\/wp-json\/wp\/v2\/media\/3461"}],"wp:attachment":[{"href":"https:\/\/cursotomorrow.com\/novo\/wp-json\/wp\/v2\/media?parent=3460"}],"wp:term":[{"taxonomy":"product_cat","embeddable":true,"href":"https:\/\/cursotomorrow.com\/novo\/wp-json\/wp\/v2\/product_cat?post=3460"},{"taxonomy":"product_tag","embeddable":true,"href":"https:\/\/cursotomorrow.com\/novo\/wp-json\/wp\/v2\/product_tag?post=3460"}],"curies":[{"name":"wp","href":"https:\/\/api.w.org\/{rel}","templated":true}]}}