{"id":3454,"date":"2017-10-17T07:30:30","date_gmt":"2017-10-17T12:30:30","guid":{"rendered":"http:\/\/cursotomorrow.com\/novo\/?post_type=product&#038;p=3454"},"modified":"2021-10-23T12:40:49","modified_gmt":"2021-10-23T17:40:49","slug":"zbook-expressoes-com-get","status":"publish","type":"product","link":"https:\/\/cursotomorrow.com\/novo\/produto\/zbook-expressoes-com-get\/","title":{"rendered":"zBook &#8211; Express\u00f5es com GET"},"content":{"rendered":"<p>Para voc\u00eas que curtem as nossas dicas, aqui ensinaremos como usar GET em infinidade de frases. Essa palavra curta e aparentemente simples mas que \u00e9 muito surpreendentemente.\u00a0H\u00e1 um monte de palavras muito curtas que os nativos da l\u00edngua inglesa frequentemente usam para significar uma enorme variedade de coisas, &#8220;get&#8221; \u00e9 uma delas.<\/p>\n","protected":false},"excerpt":{"rendered":"<p>zBook &#8211; Express\u00f5es com GET <a href=\"https:\/\/cursotomorrow.com\/novo\/produto\/zbook-expressoes-com-get\/\">Continue lendo <span class=\"meta-nav\">&rarr;<\/span><\/a><\/p>\n","protected":false},"featured_media":3455,"comment_status":"open","ping_status":"closed","template":"","meta":[],"product_cat":[30,24,26],"product_tag":[],"class_list":["post-3454","product","type-product","status-publish","has-post-thumbnail","hentry","product_cat-livros","product_cat-biblioteca","product_cat-geral"],"_links":{"self":[{"href":"https:\/\/cursotomorrow.com\/novo\/wp-json\/wp\/v2\/product\/3454"}],"collection":[{"href":"https:\/\/cursotomorrow.com\/novo\/wp-json\/wp\/v2\/product"}],"about":[{"href":"https:\/\/cursotomorrow.com\/novo\/wp-json\/wp\/v2\/types\/product"}],"replies":[{"embeddable":true,"href":"https:\/\/cursotomorrow.com\/novo\/wp-json\/wp\/v2\/comments?post=3454"}],"wp:featuredmedia":[{"embeddable":true,"href":"https:\/\/cursotomorrow.com\/novo\/wp-json\/wp\/v2\/media\/3455"}],"wp:attachment":[{"href":"https:\/\/cursotomorrow.com\/novo\/wp-json\/wp\/v2\/media?parent=3454"}],"wp:term":[{"taxonomy":"product_cat","embeddable":true,"href":"https:\/\/cursotomorrow.com\/novo\/wp-json\/wp\/v2\/product_cat?post=3454"},{"taxonomy":"product_tag","embeddable":true,"href":"https:\/\/cursotomorrow.com\/novo\/wp-json\/wp\/v2\/product_tag?post=3454"}],"curies":[{"name":"wp","href":"https:\/\/api.w.org\/{rel}","templated":true}]}}