{"id":3434,"date":"2017-10-13T07:37:01","date_gmt":"2017-10-13T12:37:01","guid":{"rendered":"http:\/\/cursotomorrow.com\/novo\/?post_type=product&#038;p=3434"},"modified":"2021-10-23T12:41:29","modified_gmt":"2021-10-23T17:41:29","slug":"zbook-dialogos-com-traducoes","status":"publish","type":"product","link":"https:\/\/cursotomorrow.com\/novo\/produto\/zbook-dialogos-com-traducoes\/","title":{"rendered":"zBook &#8211; Di\u00e1logos com tradu\u00e7\u00f5es"},"content":{"rendered":"<p>O\u00a0di\u00e1logo em ingl\u00eas entre duas pessoas \u00e9 uma ferramenta fundamental de aprendizagem. Ela\u00a0permite que voc\u00ea aprenda e pratique com situa\u00e7\u00f5es que se aproximam daquelas que encontramos na vida real, em sess\u00f5es de conversa\u00e7\u00e3o em ingl\u00eas. Temos v\u00e1rias op\u00e7\u00f5es pra voc\u00ea em <strong>Pdf<\/strong> ou em <strong>Audiobook<\/strong>. visite nossa Store!<\/p>\n","protected":false},"excerpt":{"rendered":"<p>zBook &#8211; Di\u00e1logo com tradu\u00e7\u00f5es <a href=\"https:\/\/cursotomorrow.com\/novo\/produto\/zbook-dialogos-com-traducoes\/\">Continue lendo <span class=\"meta-nav\">&rarr;<\/span><\/a><\/p>\n","protected":false},"featured_media":3435,"comment_status":"open","ping_status":"closed","template":"","meta":[],"product_cat":[30,24,26],"product_tag":[],"class_list":["post-3434","product","type-product","status-publish","has-post-thumbnail","hentry","product_cat-livros","product_cat-biblioteca","product_cat-geral"],"_links":{"self":[{"href":"https:\/\/cursotomorrow.com\/novo\/wp-json\/wp\/v2\/product\/3434"}],"collection":[{"href":"https:\/\/cursotomorrow.com\/novo\/wp-json\/wp\/v2\/product"}],"about":[{"href":"https:\/\/cursotomorrow.com\/novo\/wp-json\/wp\/v2\/types\/product"}],"replies":[{"embeddable":true,"href":"https:\/\/cursotomorrow.com\/novo\/wp-json\/wp\/v2\/comments?post=3434"}],"wp:featuredmedia":[{"embeddable":true,"href":"https:\/\/cursotomorrow.com\/novo\/wp-json\/wp\/v2\/media\/3435"}],"wp:attachment":[{"href":"https:\/\/cursotomorrow.com\/novo\/wp-json\/wp\/v2\/media?parent=3434"}],"wp:term":[{"taxonomy":"product_cat","embeddable":true,"href":"https:\/\/cursotomorrow.com\/novo\/wp-json\/wp\/v2\/product_cat?post=3434"},{"taxonomy":"product_tag","embeddable":true,"href":"https:\/\/cursotomorrow.com\/novo\/wp-json\/wp\/v2\/product_tag?post=3434"}],"curies":[{"name":"wp","href":"https:\/\/api.w.org\/{rel}","templated":true}]}}