{"id":3415,"date":"2017-10-11T08:00:53","date_gmt":"2017-10-11T13:00:53","guid":{"rendered":"http:\/\/cursotomorrow.com\/novo\/?post_type=product&#038;p=3415"},"modified":"2021-10-23T12:42:04","modified_gmt":"2021-10-23T17:42:04","slug":"zbook-gramatica-verbo-to-be","status":"publish","type":"product","link":"https:\/\/cursotomorrow.com\/novo\/produto\/zbook-gramatica-verbo-to-be\/","title":{"rendered":"zBook \u2013 S\u00f3 verbo To Be"},"content":{"rendered":"<p>Para voc\u00ea ainda tem d\u00favidas sobre esse verbo t\u00e3o essencial do ingl\u00eas, a Tomorrow preparou um guia especial com tudo que voc\u00ea precisa saber sobre o verb to be. Use o seu Celular e visite a nossa Store.<\/p>\n","protected":false},"excerpt":{"rendered":"<p>Book &#8211; Gram\u00e1tica<br \/>\nVerbo To Be <a href=\"https:\/\/cursotomorrow.com\/novo\/produto\/zbook-gramatica-verbo-to-be\/\">Continue lendo <span class=\"meta-nav\">&rarr;<\/span><\/a><\/p>\n","protected":false},"featured_media":3416,"comment_status":"open","ping_status":"closed","template":"","meta":[],"product_cat":[30,24,26],"product_tag":[],"class_list":["post-3415","product","type-product","status-publish","has-post-thumbnail","hentry","product_cat-livros","product_cat-biblioteca","product_cat-geral"],"_links":{"self":[{"href":"https:\/\/cursotomorrow.com\/novo\/wp-json\/wp\/v2\/product\/3415"}],"collection":[{"href":"https:\/\/cursotomorrow.com\/novo\/wp-json\/wp\/v2\/product"}],"about":[{"href":"https:\/\/cursotomorrow.com\/novo\/wp-json\/wp\/v2\/types\/product"}],"replies":[{"embeddable":true,"href":"https:\/\/cursotomorrow.com\/novo\/wp-json\/wp\/v2\/comments?post=3415"}],"wp:featuredmedia":[{"embeddable":true,"href":"https:\/\/cursotomorrow.com\/novo\/wp-json\/wp\/v2\/media\/3416"}],"wp:attachment":[{"href":"https:\/\/cursotomorrow.com\/novo\/wp-json\/wp\/v2\/media?parent=3415"}],"wp:term":[{"taxonomy":"product_cat","embeddable":true,"href":"https:\/\/cursotomorrow.com\/novo\/wp-json\/wp\/v2\/product_cat?post=3415"},{"taxonomy":"product_tag","embeddable":true,"href":"https:\/\/cursotomorrow.com\/novo\/wp-json\/wp\/v2\/product_tag?post=3415"}],"curies":[{"name":"wp","href":"https:\/\/api.w.org\/{rel}","templated":true}]}}