{"id":3413,"date":"2017-10-11T07:58:21","date_gmt":"2017-10-11T12:58:21","guid":{"rendered":"http:\/\/cursotomorrow.com\/novo\/?post_type=product&#038;p=3413"},"modified":"2021-10-23T12:42:35","modified_gmt":"2021-10-23T17:42:35","slug":"zbook-pedindo-informacoes","status":"publish","type":"product","link":"https:\/\/cursotomorrow.com\/novo\/produto\/zbook-pedindo-informacoes\/","title":{"rendered":"zBook \u2013 Pedindo informa\u00e7\u00f5es"},"content":{"rendered":"<p>Para voc\u00ea ficar tranquilo quando precisar conversar em Ingl\u00eas em outro pais, a Tomorrow fez um guia de ingl\u00eas com varias frases e express\u00f5es que voc\u00ea pode utilizar na sua viagem. Confira em nossa Store.<\/p>\n","protected":false},"excerpt":{"rendered":"<p>Book &#8211; Pedindo informa\u00e7\u00f5es <a href=\"https:\/\/cursotomorrow.com\/novo\/produto\/zbook-pedindo-informacoes\/\">Continue lendo <span class=\"meta-nav\">&rarr;<\/span><\/a><\/p>\n","protected":false},"featured_media":3414,"comment_status":"open","ping_status":"closed","template":"","meta":[],"product_cat":[30,24,26],"product_tag":[],"class_list":["post-3413","product","type-product","status-publish","has-post-thumbnail","hentry","product_cat-livros","product_cat-biblioteca","product_cat-geral"],"_links":{"self":[{"href":"https:\/\/cursotomorrow.com\/novo\/wp-json\/wp\/v2\/product\/3413"}],"collection":[{"href":"https:\/\/cursotomorrow.com\/novo\/wp-json\/wp\/v2\/product"}],"about":[{"href":"https:\/\/cursotomorrow.com\/novo\/wp-json\/wp\/v2\/types\/product"}],"replies":[{"embeddable":true,"href":"https:\/\/cursotomorrow.com\/novo\/wp-json\/wp\/v2\/comments?post=3413"}],"wp:featuredmedia":[{"embeddable":true,"href":"https:\/\/cursotomorrow.com\/novo\/wp-json\/wp\/v2\/media\/3414"}],"wp:attachment":[{"href":"https:\/\/cursotomorrow.com\/novo\/wp-json\/wp\/v2\/media?parent=3413"}],"wp:term":[{"taxonomy":"product_cat","embeddable":true,"href":"https:\/\/cursotomorrow.com\/novo\/wp-json\/wp\/v2\/product_cat?post=3413"},{"taxonomy":"product_tag","embeddable":true,"href":"https:\/\/cursotomorrow.com\/novo\/wp-json\/wp\/v2\/product_tag?post=3413"}],"curies":[{"name":"wp","href":"https:\/\/api.w.org\/{rel}","templated":true}]}}