{"id":3411,"date":"2017-10-11T07:53:37","date_gmt":"2017-10-11T12:53:37","guid":{"rendered":"http:\/\/cursotomorrow.com\/novo\/?post_type=product&#038;p=3411"},"modified":"2021-10-23T12:42:52","modified_gmt":"2021-10-23T17:42:52","slug":"zbook-frases-traduzidas","status":"publish","type":"product","link":"https:\/\/cursotomorrow.com\/novo\/produto\/zbook-frases-traduzidas\/","title":{"rendered":"zBook \u2013 Frases traduzidas"},"content":{"rendered":"<p>Imagine a situa\u00e7\u00e3o: sua viagem internacional est\u00e1 finalmente chegando e a maioria das coisas j\u00e1 est\u00e1 bem encaminhada: passagens compradas, hotel reservado, malas quase prontas. De repente, bate aquele desespero: e o ingl\u00eas?<\/p>\n","protected":false},"excerpt":{"rendered":"<p>Book &#8211; Frases traduzidas <a href=\"https:\/\/cursotomorrow.com\/novo\/produto\/zbook-frases-traduzidas\/\">Continue lendo <span class=\"meta-nav\">&rarr;<\/span><\/a><\/p>\n","protected":false},"featured_media":3412,"comment_status":"closed","ping_status":"closed","template":"","meta":[],"product_cat":[30,24,26],"product_tag":[],"class_list":["post-3411","product","type-product","status-publish","has-post-thumbnail","hentry","product_cat-livros","product_cat-biblioteca","product_cat-geral"],"_links":{"self":[{"href":"https:\/\/cursotomorrow.com\/novo\/wp-json\/wp\/v2\/product\/3411"}],"collection":[{"href":"https:\/\/cursotomorrow.com\/novo\/wp-json\/wp\/v2\/product"}],"about":[{"href":"https:\/\/cursotomorrow.com\/novo\/wp-json\/wp\/v2\/types\/product"}],"replies":[{"embeddable":true,"href":"https:\/\/cursotomorrow.com\/novo\/wp-json\/wp\/v2\/comments?post=3411"}],"wp:featuredmedia":[{"embeddable":true,"href":"https:\/\/cursotomorrow.com\/novo\/wp-json\/wp\/v2\/media\/3412"}],"wp:attachment":[{"href":"https:\/\/cursotomorrow.com\/novo\/wp-json\/wp\/v2\/media?parent=3411"}],"wp:term":[{"taxonomy":"product_cat","embeddable":true,"href":"https:\/\/cursotomorrow.com\/novo\/wp-json\/wp\/v2\/product_cat?post=3411"},{"taxonomy":"product_tag","embeddable":true,"href":"https:\/\/cursotomorrow.com\/novo\/wp-json\/wp\/v2\/product_tag?post=3411"}],"curies":[{"name":"wp","href":"https:\/\/api.w.org\/{rel}","templated":true}]}}