{"id":3382,"date":"2017-10-09T14:22:27","date_gmt":"2017-10-09T19:22:27","guid":{"rendered":"http:\/\/cursotomorrow.com\/novo\/?post_type=product&#038;p=3382"},"modified":"2021-10-23T12:43:25","modified_gmt":"2021-10-23T17:43:25","slug":"zbook-expressoes-com-traducoes","status":"publish","type":"product","link":"https:\/\/cursotomorrow.com\/novo\/produto\/zbook-expressoes-com-traducoes\/","title":{"rendered":"zBook &#8211; Express\u00f5es com tradu\u00e7\u00f5es"},"content":{"rendered":"<p>Um bom conhecimento de ingl\u00eas \u00e9 fundamental para sua autoconfian\u00e7a e seu bem-estar no exterior. Quem vai ao exterior, encontra muitas aventuras pela frente. Mas quando voc\u00ea consegue se comunicar de forma clara e precisa, eventuais problemas ou desentendimentos s\u00e3o resolvidos facilmente.<\/p>\n","protected":false},"excerpt":{"rendered":"<p>Book &#8211; Express\u00f5es com tradu\u00e7\u00f5es <a href=\"https:\/\/cursotomorrow.com\/novo\/produto\/zbook-expressoes-com-traducoes\/\">Continue lendo <span class=\"meta-nav\">&rarr;<\/span><\/a><\/p>\n","protected":false},"featured_media":3384,"comment_status":"open","ping_status":"closed","template":"","meta":[],"product_cat":[30,24,26],"product_tag":[],"class_list":["post-3382","product","type-product","status-publish","has-post-thumbnail","hentry","product_cat-livros","product_cat-biblioteca","product_cat-geral"],"_links":{"self":[{"href":"https:\/\/cursotomorrow.com\/novo\/wp-json\/wp\/v2\/product\/3382"}],"collection":[{"href":"https:\/\/cursotomorrow.com\/novo\/wp-json\/wp\/v2\/product"}],"about":[{"href":"https:\/\/cursotomorrow.com\/novo\/wp-json\/wp\/v2\/types\/product"}],"replies":[{"embeddable":true,"href":"https:\/\/cursotomorrow.com\/novo\/wp-json\/wp\/v2\/comments?post=3382"}],"wp:featuredmedia":[{"embeddable":true,"href":"https:\/\/cursotomorrow.com\/novo\/wp-json\/wp\/v2\/media\/3384"}],"wp:attachment":[{"href":"https:\/\/cursotomorrow.com\/novo\/wp-json\/wp\/v2\/media?parent=3382"}],"wp:term":[{"taxonomy":"product_cat","embeddable":true,"href":"https:\/\/cursotomorrow.com\/novo\/wp-json\/wp\/v2\/product_cat?post=3382"},{"taxonomy":"product_tag","embeddable":true,"href":"https:\/\/cursotomorrow.com\/novo\/wp-json\/wp\/v2\/product_tag?post=3382"}],"curies":[{"name":"wp","href":"https:\/\/api.w.org\/{rel}","templated":true}]}}