{"id":3371,"date":"2017-10-09T14:02:41","date_gmt":"2017-10-09T19:02:41","guid":{"rendered":"http:\/\/cursotomorrow.com\/novo\/?post_type=product&#038;p=3371"},"modified":"2021-10-23T12:44:00","modified_gmt":"2021-10-23T17:44:00","slug":"zbook-mil-frases-ingles-para-viagens","status":"publish","type":"product","link":"https:\/\/cursotomorrow.com\/novo\/produto\/zbook-mil-frases-ingles-para-viagens\/","title":{"rendered":"zBook \u2013 Mil frases &#8211; S\u00f3 pra viagem"},"content":{"rendered":"<p>O ingl\u00eas \u00e9 o idioma estrangeiro mais falado em aeroportos, hot\u00e9is e servi\u00e7os tur\u00edsticos ao redor do mundo. Por isso, mesmo que seu destino n\u00e3o seja um pa\u00eds de l\u00edngua inglesa, vale investir no idioma. <strong>N\u00e3o h\u00e1 outra l\u00edngua t\u00e3o essencial quanto o ingl\u00eas para viagens.<\/strong><\/p>\n","protected":false},"excerpt":{"rendered":"<p>Book &#8211; Mil frases<br \/>\nIngl\u00eas para viagens <a href=\"https:\/\/cursotomorrow.com\/novo\/produto\/zbook-mil-frases-ingles-para-viagens\/\">Continue lendo <span class=\"meta-nav\">&rarr;<\/span><\/a><\/p>\n","protected":false},"featured_media":3373,"comment_status":"open","ping_status":"closed","template":"","meta":[],"product_cat":[30,24,26],"product_tag":[],"class_list":["post-3371","product","type-product","status-publish","has-post-thumbnail","hentry","product_cat-livros","product_cat-biblioteca","product_cat-geral"],"_links":{"self":[{"href":"https:\/\/cursotomorrow.com\/novo\/wp-json\/wp\/v2\/product\/3371"}],"collection":[{"href":"https:\/\/cursotomorrow.com\/novo\/wp-json\/wp\/v2\/product"}],"about":[{"href":"https:\/\/cursotomorrow.com\/novo\/wp-json\/wp\/v2\/types\/product"}],"replies":[{"embeddable":true,"href":"https:\/\/cursotomorrow.com\/novo\/wp-json\/wp\/v2\/comments?post=3371"}],"wp:featuredmedia":[{"embeddable":true,"href":"https:\/\/cursotomorrow.com\/novo\/wp-json\/wp\/v2\/media\/3373"}],"wp:attachment":[{"href":"https:\/\/cursotomorrow.com\/novo\/wp-json\/wp\/v2\/media?parent=3371"}],"wp:term":[{"taxonomy":"product_cat","embeddable":true,"href":"https:\/\/cursotomorrow.com\/novo\/wp-json\/wp\/v2\/product_cat?post=3371"},{"taxonomy":"product_tag","embeddable":true,"href":"https:\/\/cursotomorrow.com\/novo\/wp-json\/wp\/v2\/product_tag?post=3371"}],"curies":[{"name":"wp","href":"https:\/\/api.w.org\/{rel}","templated":true}]}}