{"id":3334,"date":"2017-10-06T09:22:58","date_gmt":"2017-10-06T14:22:58","guid":{"rendered":"http:\/\/cursotomorrow.com\/novo\/?post_type=product&#038;p=3334"},"modified":"2021-10-23T12:44:59","modified_gmt":"2021-10-23T17:44:59","slug":"zbook-dialogo-02","status":"publish","type":"product","link":"https:\/\/cursotomorrow.com\/novo\/produto\/zbook-dialogo-02\/","title":{"rendered":"zBook \u2013 Di\u00e1logo 02"},"content":{"rendered":"<p>Imagine a situa\u00e7\u00e3o: sua viagem internacional est\u00e1 finalmente chegando e a maioria das coisas j\u00e1 est\u00e1 bem encaminhada: passagens compradas, hotel reservado, malas quase prontas. De repente, bate aquele desespero: e o ingl\u00eas?<\/p>\n","protected":false},"excerpt":{"rendered":"<p>Book &#8211; Di\u00e1logo 02<\/p>\n<p>A trip to London <a href=\"https:\/\/cursotomorrow.com\/novo\/produto\/zbook-dialogo-02\/\">Continue lendo <span class=\"meta-nav\">&rarr;<\/span><\/a><\/p>\n","protected":false},"featured_media":3401,"comment_status":"open","ping_status":"closed","template":"","meta":[],"product_cat":[30,24,26],"product_tag":[],"class_list":["post-3334","product","type-product","status-publish","has-post-thumbnail","hentry","product_cat-livros","product_cat-biblioteca","product_cat-geral"],"_links":{"self":[{"href":"https:\/\/cursotomorrow.com\/novo\/wp-json\/wp\/v2\/product\/3334"}],"collection":[{"href":"https:\/\/cursotomorrow.com\/novo\/wp-json\/wp\/v2\/product"}],"about":[{"href":"https:\/\/cursotomorrow.com\/novo\/wp-json\/wp\/v2\/types\/product"}],"replies":[{"embeddable":true,"href":"https:\/\/cursotomorrow.com\/novo\/wp-json\/wp\/v2\/comments?post=3334"}],"wp:featuredmedia":[{"embeddable":true,"href":"https:\/\/cursotomorrow.com\/novo\/wp-json\/wp\/v2\/media\/3401"}],"wp:attachment":[{"href":"https:\/\/cursotomorrow.com\/novo\/wp-json\/wp\/v2\/media?parent=3334"}],"wp:term":[{"taxonomy":"product_cat","embeddable":true,"href":"https:\/\/cursotomorrow.com\/novo\/wp-json\/wp\/v2\/product_cat?post=3334"},{"taxonomy":"product_tag","embeddable":true,"href":"https:\/\/cursotomorrow.com\/novo\/wp-json\/wp\/v2\/product_tag?post=3334"}],"curies":[{"name":"wp","href":"https:\/\/api.w.org\/{rel}","templated":true}]}}