{"id":3332,"date":"2017-10-06T09:21:40","date_gmt":"2017-10-06T14:21:40","guid":{"rendered":"http:\/\/cursotomorrow.com\/novo\/?post_type=product&#038;p=3332"},"modified":"2021-10-23T12:45:15","modified_gmt":"2021-10-23T17:45:15","slug":"zbook-dialogo-01","status":"publish","type":"product","link":"https:\/\/cursotomorrow.com\/novo\/produto\/zbook-dialogo-01\/","title":{"rendered":"zBook \u2013 Di\u00e1logo 01"},"content":{"rendered":"<p>Imagine essa situa\u00e7\u00e3o: sua viagem internacional est\u00e1 chegando e quase tudo j\u00e1 est\u00e1 bem encaminhado: passagens compradas, hotel reservado, malas prontas e de repente, bate aquele desespero: e o ingl\u00eas? Join us right now!<\/p>\n","protected":false},"excerpt":{"rendered":"<p>Book &#8211; Dialogo 01<\/p>\n<p>A trip to London <a href=\"https:\/\/cursotomorrow.com\/novo\/produto\/zbook-dialogo-01\/\">Continue lendo <span class=\"meta-nav\">&rarr;<\/span><\/a><\/p>\n","protected":false},"featured_media":3399,"comment_status":"open","ping_status":"closed","template":"","meta":[],"product_cat":[30,24,26],"product_tag":[],"class_list":["post-3332","product","type-product","status-publish","has-post-thumbnail","hentry","product_cat-livros","product_cat-biblioteca","product_cat-geral"],"_links":{"self":[{"href":"https:\/\/cursotomorrow.com\/novo\/wp-json\/wp\/v2\/product\/3332"}],"collection":[{"href":"https:\/\/cursotomorrow.com\/novo\/wp-json\/wp\/v2\/product"}],"about":[{"href":"https:\/\/cursotomorrow.com\/novo\/wp-json\/wp\/v2\/types\/product"}],"replies":[{"embeddable":true,"href":"https:\/\/cursotomorrow.com\/novo\/wp-json\/wp\/v2\/comments?post=3332"}],"wp:featuredmedia":[{"embeddable":true,"href":"https:\/\/cursotomorrow.com\/novo\/wp-json\/wp\/v2\/media\/3399"}],"wp:attachment":[{"href":"https:\/\/cursotomorrow.com\/novo\/wp-json\/wp\/v2\/media?parent=3332"}],"wp:term":[{"taxonomy":"product_cat","embeddable":true,"href":"https:\/\/cursotomorrow.com\/novo\/wp-json\/wp\/v2\/product_cat?post=3332"},{"taxonomy":"product_tag","embeddable":true,"href":"https:\/\/cursotomorrow.com\/novo\/wp-json\/wp\/v2\/product_tag?post=3332"}],"curies":[{"name":"wp","href":"https:\/\/api.w.org\/{rel}","templated":true}]}}