{"id":3322,"date":"2017-10-05T14:30:38","date_gmt":"2017-10-05T19:30:38","guid":{"rendered":"http:\/\/cursotomorrow.com\/novo\/?post_type=product&#038;p=3322"},"modified":"2021-10-23T12:45:47","modified_gmt":"2021-10-23T17:45:47","slug":"zbook-01-part-2","status":"publish","type":"product","link":"https:\/\/cursotomorrow.com\/novo\/produto\/zbook-01-part-2\/","title":{"rendered":"zBook 01 \u2013 part 2"},"content":{"rendered":"<p>Os Books em pdf da Tomorrow abordam assuntos como: substantivos, adjetivos, pronomes, preposi\u00e7\u00f5es, conjuga\u00e7\u00f5es, adv\u00e9rbios, tempos verbais.\u00a0Voc\u00ea tem uma viagem marcada para o exterior e isso gerou a necessidade de aprender ingl\u00eas r\u00e1pido? Ent\u00e3o baixe esse material pr\u00e1tico em PDF.<\/p>\n","protected":false},"excerpt":{"rendered":"<p>Book 01 &#8211; part 2<\/p>\n<p>Gram\u00e1tica &#8211; Texto &#8211; Exerc\u00edcio <a href=\"https:\/\/cursotomorrow.com\/novo\/produto\/zbook-01-part-2\/\">Continue lendo <span class=\"meta-nav\">&rarr;<\/span><\/a><\/p>\n","protected":false},"featured_media":3397,"comment_status":"open","ping_status":"closed","template":"","meta":[],"product_cat":[30,24,26],"product_tag":[],"class_list":["post-3322","product","type-product","status-publish","has-post-thumbnail","hentry","product_cat-livros","product_cat-biblioteca","product_cat-geral"],"_links":{"self":[{"href":"https:\/\/cursotomorrow.com\/novo\/wp-json\/wp\/v2\/product\/3322"}],"collection":[{"href":"https:\/\/cursotomorrow.com\/novo\/wp-json\/wp\/v2\/product"}],"about":[{"href":"https:\/\/cursotomorrow.com\/novo\/wp-json\/wp\/v2\/types\/product"}],"replies":[{"embeddable":true,"href":"https:\/\/cursotomorrow.com\/novo\/wp-json\/wp\/v2\/comments?post=3322"}],"wp:featuredmedia":[{"embeddable":true,"href":"https:\/\/cursotomorrow.com\/novo\/wp-json\/wp\/v2\/media\/3397"}],"wp:attachment":[{"href":"https:\/\/cursotomorrow.com\/novo\/wp-json\/wp\/v2\/media?parent=3322"}],"wp:term":[{"taxonomy":"product_cat","embeddable":true,"href":"https:\/\/cursotomorrow.com\/novo\/wp-json\/wp\/v2\/product_cat?post=3322"},{"taxonomy":"product_tag","embeddable":true,"href":"https:\/\/cursotomorrow.com\/novo\/wp-json\/wp\/v2\/product_tag?post=3322"}],"curies":[{"name":"wp","href":"https:\/\/api.w.org\/{rel}","templated":true}]}}