{"id":3275,"date":"2017-09-26T12:36:15","date_gmt":"2017-09-26T17:36:15","guid":{"rendered":"http:\/\/cursotomorrow.com\/novo\/?post_type=product&#038;p=3275"},"modified":"2021-10-23T12:46:01","modified_gmt":"2021-10-23T17:46:01","slug":"zbook-01-part-1","status":"publish","type":"product","link":"https:\/\/cursotomorrow.com\/novo\/produto\/zbook-01-part-1\/","title":{"rendered":"zBook 01 &#8211; part 1"},"content":{"rendered":"<div class=\"members-access-error\">Desculpe, voc\u00ea n\u00e3o tem permiss\u00e3o para visualizar este conte\u00fado.<\/div>\n","protected":false},"excerpt":{"rendered":"<div class=\"members-access-error\">Desculpe, voc\u00ea n\u00e3o tem permiss\u00e3o para visualizar este conte\u00fado.<\/div>\n","protected":false},"featured_media":3396,"comment_status":"open","ping_status":"closed","template":"","meta":[],"product_cat":[30,24,26],"product_tag":[],"class_list":["post-3275","product","type-product","status-publish","has-post-thumbnail","hentry","product_cat-livros","product_cat-biblioteca","product_cat-geral"],"_links":{"self":[{"href":"https:\/\/cursotomorrow.com\/novo\/wp-json\/wp\/v2\/product\/3275"}],"collection":[{"href":"https:\/\/cursotomorrow.com\/novo\/wp-json\/wp\/v2\/product"}],"about":[{"href":"https:\/\/cursotomorrow.com\/novo\/wp-json\/wp\/v2\/types\/product"}],"replies":[{"embeddable":true,"href":"https:\/\/cursotomorrow.com\/novo\/wp-json\/wp\/v2\/comments?post=3275"}],"wp:featuredmedia":[{"embeddable":true,"href":"https:\/\/cursotomorrow.com\/novo\/wp-json\/wp\/v2\/media\/3396"}],"wp:attachment":[{"href":"https:\/\/cursotomorrow.com\/novo\/wp-json\/wp\/v2\/media?parent=3275"}],"wp:term":[{"taxonomy":"product_cat","embeddable":true,"href":"https:\/\/cursotomorrow.com\/novo\/wp-json\/wp\/v2\/product_cat?post=3275"},{"taxonomy":"product_tag","embeddable":true,"href":"https:\/\/cursotomorrow.com\/novo\/wp-json\/wp\/v2\/product_tag?post=3275"}],"curies":[{"name":"wp","href":"https:\/\/api.w.org\/{rel}","templated":true}]}}