{"id":2883,"date":"2016-11-08T13:54:49","date_gmt":"2016-11-08T18:54:49","guid":{"rendered":"http:\/\/cursotomorrow.com\/novo\/?post_type=product&#038;p=2883"},"modified":"2022-03-10T08:36:16","modified_gmt":"2022-03-10T13:36:16","slug":"pacote-conversacao-modulos-123","status":"publish","type":"product","link":"https:\/\/cursotomorrow.com\/novo\/produto\/pacote-conversacao-modulos-123\/","title":{"rendered":"Pacote Conversa\u00e7\u00e3o M\u00f3dulos 1\/2\/3"},"content":{"rendered":"<p>Tenha acesso aos m\u00f3dulos 1\/2\/3. Cada M\u00f3dulo com 20 li\u00e7\u00f5es e uma lista de verbos para praticar sua conversa\u00e7\u00e3o! Adquira agora os tr\u00eas M\u00f3dulos e tenha tudo isso na palma da m\u00e3o.<\/p>\n","protected":false},"excerpt":{"rendered":"<p>Tenha acesso aos m\u00f3dulos 1\/2\/3. Cada M\u00f3dulo com 20 li\u00e7\u00f5es e uma lista de verbos para praticar sua conversa\u00e7\u00e3o! Adquira agora os tr\u00eas M\u00f3dulos e tenha tudo isso na palma da m\u00e3o.<\/p>\n","protected":false},"featured_media":4875,"comment_status":"open","ping_status":"closed","template":"","meta":[],"product_cat":[26],"product_tag":[],"class_list":["post-2883","product","type-product","status-publish","has-post-thumbnail","hentry","product_cat-geral"],"_links":{"self":[{"href":"https:\/\/cursotomorrow.com\/novo\/wp-json\/wp\/v2\/product\/2883"}],"collection":[{"href":"https:\/\/cursotomorrow.com\/novo\/wp-json\/wp\/v2\/product"}],"about":[{"href":"https:\/\/cursotomorrow.com\/novo\/wp-json\/wp\/v2\/types\/product"}],"replies":[{"embeddable":true,"href":"https:\/\/cursotomorrow.com\/novo\/wp-json\/wp\/v2\/comments?post=2883"}],"wp:featuredmedia":[{"embeddable":true,"href":"https:\/\/cursotomorrow.com\/novo\/wp-json\/wp\/v2\/media\/4875"}],"wp:attachment":[{"href":"https:\/\/cursotomorrow.com\/novo\/wp-json\/wp\/v2\/media?parent=2883"}],"wp:term":[{"taxonomy":"product_cat","embeddable":true,"href":"https:\/\/cursotomorrow.com\/novo\/wp-json\/wp\/v2\/product_cat?post=2883"},{"taxonomy":"product_tag","embeddable":true,"href":"https:\/\/cursotomorrow.com\/novo\/wp-json\/wp\/v2\/product_tag?post=2883"}],"curies":[{"name":"wp","href":"https:\/\/api.w.org\/{rel}","templated":true}]}}