{"id":2881,"date":"2016-11-08T13:52:32","date_gmt":"2016-11-08T18:52:32","guid":{"rendered":"http:\/\/cursotomorrow.com\/novo\/?post_type=product&#038;p=2881"},"modified":"2022-04-11T15:58:28","modified_gmt":"2022-04-11T20:58:28","slug":"conversacao-modulo-3","status":"publish","type":"product","link":"https:\/\/cursotomorrow.com\/novo\/produto\/conversacao-modulo-3\/","title":{"rendered":"Conversa\u00e7\u00e3o &#8211; M\u00f3dulo 3"},"content":{"rendered":"<p>S\u00e3o 20 di\u00e1logos e uma lista de verbos para voc\u00ea praticar todos os dias. Voc\u00ea pode estudar como for melhor para voc\u00ea, mesmo antes de dormir ou a caminho de suas atividades.<\/p>\n","protected":false},"excerpt":{"rendered":"<p>S\u00e3o 20 di\u00e1logos e uma lista de verbos para voc\u00ea praticar todos os dias. Voc\u00ea pode estudar como for melhor para voc\u00ea, mesmo antes de dormir ou a caminho de suas atividades.<\/p>\n","protected":false},"featured_media":2882,"comment_status":"open","ping_status":"closed","template":"","meta":[],"product_cat":[26],"product_tag":[],"class_list":["post-2881","product","type-product","status-publish","has-post-thumbnail","hentry","product_cat-geral"],"_links":{"self":[{"href":"https:\/\/cursotomorrow.com\/novo\/wp-json\/wp\/v2\/product\/2881"}],"collection":[{"href":"https:\/\/cursotomorrow.com\/novo\/wp-json\/wp\/v2\/product"}],"about":[{"href":"https:\/\/cursotomorrow.com\/novo\/wp-json\/wp\/v2\/types\/product"}],"replies":[{"embeddable":true,"href":"https:\/\/cursotomorrow.com\/novo\/wp-json\/wp\/v2\/comments?post=2881"}],"wp:featuredmedia":[{"embeddable":true,"href":"https:\/\/cursotomorrow.com\/novo\/wp-json\/wp\/v2\/media\/2882"}],"wp:attachment":[{"href":"https:\/\/cursotomorrow.com\/novo\/wp-json\/wp\/v2\/media?parent=2881"}],"wp:term":[{"taxonomy":"product_cat","embeddable":true,"href":"https:\/\/cursotomorrow.com\/novo\/wp-json\/wp\/v2\/product_cat?post=2881"},{"taxonomy":"product_tag","embeddable":true,"href":"https:\/\/cursotomorrow.com\/novo\/wp-json\/wp\/v2\/product_tag?post=2881"}],"curies":[{"name":"wp","href":"https:\/\/api.w.org\/{rel}","templated":true}]}}