{"id":2516,"date":"2016-10-20T10:06:15","date_gmt":"2016-10-20T15:06:15","guid":{"rendered":"http:\/\/cursotomorrow.com\/novo\/?post_type=product&#038;p=2516"},"modified":"2023-03-28T11:33:47","modified_gmt":"2023-03-28T16:33:47","slug":"modulo-intermediario","status":"publish","type":"product","link":"https:\/\/cursotomorrow.com\/novo\/produto\/modulo-intermediario\/","title":{"rendered":"M\u00f3dulo Intermedi\u00e1rio"},"content":{"rendered":"<p>S\u00e3o 20 di\u00e1logos com a tradu\u00e7\u00e3o e uma lista de verbos (Regulares e Irregulares) para voc\u00ea praticar todos os dias no seu celular. Voc\u00ea pode rever quantas vezes for melhor para voc\u00ea, mesmo antes de dormir ou a caminho de suas atividades.<\/p>\n<p>&nbsp;<\/p>\n","protected":false},"excerpt":{"rendered":"<p>S\u00e3o 20 di\u00e1logos com a tradu\u00e7\u00e3o e uma lista de verbos (Regulares e Irregulares) para voc\u00ea praticar todos os dias no seu celular. Voc\u00ea pode rever quantas vezes for melhor para voc\u00ea, mesmo antes de dormir ou a caminho de &hellip; <a href=\"https:\/\/cursotomorrow.com\/novo\/produto\/modulo-intermediario\/\">Continue lendo <span class=\"meta-nav\">&rarr;<\/span><\/a><\/p>\n","protected":false},"featured_media":2517,"comment_status":"open","ping_status":"closed","template":"","meta":[],"product_cat":[32,26],"product_tag":[],"class_list":["post-2516","product","type-product","status-publish","has-post-thumbnail","hentry","product_cat-intermediario","product_cat-geral"],"_links":{"self":[{"href":"https:\/\/cursotomorrow.com\/novo\/wp-json\/wp\/v2\/product\/2516"}],"collection":[{"href":"https:\/\/cursotomorrow.com\/novo\/wp-json\/wp\/v2\/product"}],"about":[{"href":"https:\/\/cursotomorrow.com\/novo\/wp-json\/wp\/v2\/types\/product"}],"replies":[{"embeddable":true,"href":"https:\/\/cursotomorrow.com\/novo\/wp-json\/wp\/v2\/comments?post=2516"}],"wp:featuredmedia":[{"embeddable":true,"href":"https:\/\/cursotomorrow.com\/novo\/wp-json\/wp\/v2\/media\/2517"}],"wp:attachment":[{"href":"https:\/\/cursotomorrow.com\/novo\/wp-json\/wp\/v2\/media?parent=2516"}],"wp:term":[{"taxonomy":"product_cat","embeddable":true,"href":"https:\/\/cursotomorrow.com\/novo\/wp-json\/wp\/v2\/product_cat?post=2516"},{"taxonomy":"product_tag","embeddable":true,"href":"https:\/\/cursotomorrow.com\/novo\/wp-json\/wp\/v2\/product_tag?post=2516"}],"curies":[{"name":"wp","href":"https:\/\/api.w.org\/{rel}","templated":true}]}}