{"id":2514,"date":"2016-10-20T09:58:24","date_gmt":"2016-10-20T14:58:24","guid":{"rendered":"http:\/\/cursotomorrow.com\/novo\/?post_type=product&#038;p=2514"},"modified":"2023-03-28T11:30:55","modified_gmt":"2023-03-28T16:30:55","slug":"modulo-basico","status":"publish","type":"product","link":"https:\/\/cursotomorrow.com\/novo\/produto\/modulo-basico\/","title":{"rendered":"M\u00f3dulo B\u00e1sico"},"content":{"rendered":"<p>S\u00e3o 20 di\u00e1logos com a tradu\u00e7\u00e3o e uma lista de verbos (Regulares e Irregulares) para voc\u00ea praticar todos os dias no seu celular. Voc\u00ea pode rever quantas vezes for melhor para voc\u00ea, mesmo antes de dormir ou a caminho de suas atividades.<\/p>\n<p>&nbsp;<\/p>\n","protected":false},"excerpt":{"rendered":"<p>S\u00e3o 20 di\u00e1logos com a tradu\u00e7\u00e3o e uma lista de verbos (Regulares e Irregulares) para voc\u00ea praticar todos os dias no seu celular. Voc\u00ea pode rever quantas vezes for melhor para voc\u00ea, mesmo antes de dormir ou a caminho de &hellip; <a href=\"https:\/\/cursotomorrow.com\/novo\/produto\/modulo-basico\/\">Continue lendo <span class=\"meta-nav\">&rarr;<\/span><\/a><\/p>\n","protected":false},"featured_media":3877,"comment_status":"open","ping_status":"closed","template":"","meta":[],"product_cat":[31,26],"product_tag":[],"class_list":["post-2514","product","type-product","status-publish","has-post-thumbnail","hentry","product_cat-basico","product_cat-geral"],"_links":{"self":[{"href":"https:\/\/cursotomorrow.com\/novo\/wp-json\/wp\/v2\/product\/2514"}],"collection":[{"href":"https:\/\/cursotomorrow.com\/novo\/wp-json\/wp\/v2\/product"}],"about":[{"href":"https:\/\/cursotomorrow.com\/novo\/wp-json\/wp\/v2\/types\/product"}],"replies":[{"embeddable":true,"href":"https:\/\/cursotomorrow.com\/novo\/wp-json\/wp\/v2\/comments?post=2514"}],"wp:featuredmedia":[{"embeddable":true,"href":"https:\/\/cursotomorrow.com\/novo\/wp-json\/wp\/v2\/media\/3877"}],"wp:attachment":[{"href":"https:\/\/cursotomorrow.com\/novo\/wp-json\/wp\/v2\/media?parent=2514"}],"wp:term":[{"taxonomy":"product_cat","embeddable":true,"href":"https:\/\/cursotomorrow.com\/novo\/wp-json\/wp\/v2\/product_cat?post=2514"},{"taxonomy":"product_tag","embeddable":true,"href":"https:\/\/cursotomorrow.com\/novo\/wp-json\/wp\/v2\/product_tag?post=2514"}],"curies":[{"name":"wp","href":"https:\/\/api.w.org\/{rel}","templated":true}]}}