{"id":4212,"date":"2018-05-18T15:24:08","date_gmt":"2018-05-18T20:24:08","guid":{"rendered":"http:\/\/cursotomorrow.com\/novo\/?page_id=4212"},"modified":"2021-11-04T09:50:45","modified_gmt":"2021-11-04T14:50:45","slug":"aprenda-ingles-via-skype","status":"publish","type":"page","link":"https:\/\/cursotomorrow.com\/novo\/aprenda-ingles-via-skype\/","title":{"rendered":"Ingl\u00eas via GOOGLE MEET"},"content":{"rendered":"<p style=\"text-align: center;\">PLANOS INDIVIDUAIS<\/p>\n<p style=\"text-align: center;\">*VALORES MENSAIS<\/p>\n<p><a href=\"https:\/\/cursotomorrow.com\/novo\/produto\/aprenda-ingles-via-skype-prata-individual\/\"><img loading=\"lazy\" decoding=\"async\" class=\"aligncenter wp-image-6895 size-full\" src=\"https:\/\/cursotomorrow.com\/novo\/wp-content\/uploads\/2019\/11\/planos_P_s.png\" alt=\"\" width=\"655\" height=\"237\" srcset=\"https:\/\/cursotomorrow.com\/novo\/wp-content\/uploads\/2019\/11\/planos_P_s.png 655w, https:\/\/cursotomorrow.com\/novo\/wp-content\/uploads\/2019\/11\/planos_P_s-600x217.png 600w, https:\/\/cursotomorrow.com\/novo\/wp-content\/uploads\/2019\/11\/planos_P_s-300x109.png 300w\" sizes=\"(max-width: 655px) 100vw, 655px\" \/><\/a><span style=\"color: #808080;\">*PD: PLANT\u00c3O DE D\u00daVIDAS<\/span><\/p>\n<p style=\"text-align: left;\"><a href=\"https:\/\/cursotomorrow.com\/novo\/produto\/aprenda-ingles-via-skype-ouro-individual\/\"><img loading=\"lazy\" decoding=\"async\" class=\"wp-image-6893 size-full aligncenter\" src=\"https:\/\/cursotomorrow.com\/novo\/wp-content\/uploads\/2019\/11\/planos_O_s.png\" alt=\"\" width=\"655\" height=\"237\" srcset=\"https:\/\/cursotomorrow.com\/novo\/wp-content\/uploads\/2019\/11\/planos_O_s.png 655w, https:\/\/cursotomorrow.com\/novo\/wp-content\/uploads\/2019\/11\/planos_O_s-600x217.png 600w, https:\/\/cursotomorrow.com\/novo\/wp-content\/uploads\/2019\/11\/planos_O_s-300x109.png 300w\" sizes=\"(max-width: 655px) 100vw, 655px\" \/><\/a><span style=\"color: #808080;\">*PD: PLANT\u00c3O DE D\u00daVIDAS<\/span><\/p>\n<p style=\"text-align: left;\"><a href=\"https:\/\/cursotomorrow.com\/novo\/produto\/aprenda-ingles-via-skype-diamante-individual\/\"><img loading=\"lazy\" decoding=\"async\" class=\"wp-image-6891 size-full aligncenter\" src=\"https:\/\/cursotomorrow.com\/novo\/wp-content\/uploads\/2019\/11\/planos_D_s.png\" alt=\"\" width=\"655\" height=\"237\" srcset=\"https:\/\/cursotomorrow.com\/novo\/wp-content\/uploads\/2019\/11\/planos_D_s.png 655w, https:\/\/cursotomorrow.com\/novo\/wp-content\/uploads\/2019\/11\/planos_D_s-600x217.png 600w, https:\/\/cursotomorrow.com\/novo\/wp-content\/uploads\/2019\/11\/planos_D_s-300x109.png 300w\" sizes=\"(max-width: 655px) 100vw, 655px\" \/><\/a><span style=\"color: #808080;\">*PD: PLANT\u00c3O DE D\u00daVIDAS<\/span><\/p>\n<p style=\"text-align: center;\">PLANOS DUPLO<\/p>\n<p style=\"text-align: center;\">*VALORES MENSAIS<\/p>\n<p><a href=\"https:\/\/cursotomorrow.com\/novo\/produto\/aprenda-ingles-via-skype-prata-duplo\/\"><img loading=\"lazy\" decoding=\"async\" class=\"wp-image-6898 size-full aligncenter\" src=\"https:\/\/cursotomorrow.com\/novo\/wp-content\/uploads\/2019\/11\/planos_P_d.png\" alt=\"\" width=\"655\" height=\"237\" srcset=\"https:\/\/cursotomorrow.com\/novo\/wp-content\/uploads\/2019\/11\/planos_P_d.png 655w, https:\/\/cursotomorrow.com\/novo\/wp-content\/uploads\/2019\/11\/planos_P_d-600x217.png 600w, https:\/\/cursotomorrow.com\/novo\/wp-content\/uploads\/2019\/11\/planos_P_d-300x109.png 300w\" sizes=\"(max-width: 655px) 100vw, 655px\" \/><\/a>*PD: PLANT\u00c3O DE D\u00daVIDAS<\/p>\n<p><a href=\"https:\/\/cursotomorrow.com\/novo\/produto\/aprenda-ingles-via-skype-ouro-duplo\/\"><img loading=\"lazy\" decoding=\"async\" class=\"wp-image-6897 size-full aligncenter\" src=\"https:\/\/cursotomorrow.com\/novo\/wp-content\/uploads\/2019\/11\/planos_O_d.png\" alt=\"\" width=\"655\" height=\"237\" srcset=\"https:\/\/cursotomorrow.com\/novo\/wp-content\/uploads\/2019\/11\/planos_O_d.png 655w, https:\/\/cursotomorrow.com\/novo\/wp-content\/uploads\/2019\/11\/planos_O_d-600x217.png 600w, https:\/\/cursotomorrow.com\/novo\/wp-content\/uploads\/2019\/11\/planos_O_d-300x109.png 300w\" sizes=\"(max-width: 655px) 100vw, 655px\" \/><\/a><br \/>\n*PD: PLANT\u00c3O DE D\u00daVIDAS<\/p>\n<p><a href=\"https:\/\/cursotomorrow.com\/novo\/produto\/aprenda-ingles-via-skype-diamante-duplo\/\"><img loading=\"lazy\" decoding=\"async\" class=\"wp-image-6896 size-full aligncenter\" src=\"https:\/\/cursotomorrow.com\/novo\/wp-content\/uploads\/2019\/11\/planos_D_d.png\" alt=\"\" width=\"655\" height=\"237\" srcset=\"https:\/\/cursotomorrow.com\/novo\/wp-content\/uploads\/2019\/11\/planos_D_d.png 655w, https:\/\/cursotomorrow.com\/novo\/wp-content\/uploads\/2019\/11\/planos_D_d-600x217.png 600w, https:\/\/cursotomorrow.com\/novo\/wp-content\/uploads\/2019\/11\/planos_D_d-300x109.png 300w\" sizes=\"(max-width: 655px) 100vw, 655px\" \/><\/a><br \/>\n*PD: PLANT\u00c3O DE D\u00daVIDAS<\/p>\n","protected":false},"excerpt":{"rendered":"<p>PLANOS INDIVIDUAIS *VALORES MENSAIS *PD: PLANT\u00c3O DE D\u00daVIDAS *PD: PLANT\u00c3O DE D\u00daVIDAS *PD: PLANT\u00c3O DE D\u00daVIDAS PLANOS DUPLO *VALORES MENSAIS *PD: PLANT\u00c3O DE D\u00daVIDAS *PD: PLANT\u00c3O DE D\u00daVIDAS *PD: PLANT\u00c3O DE D\u00daVIDAS<\/p>\n","protected":false},"author":1449,"featured_media":0,"parent":0,"menu_order":0,"comment_status":"closed","ping_status":"closed","template":"","meta":{"footnotes":""},"class_list":["post-4212","page","type-page","status-publish","hentry"],"_links":{"self":[{"href":"https:\/\/cursotomorrow.com\/novo\/wp-json\/wp\/v2\/pages\/4212"}],"collection":[{"href":"https:\/\/cursotomorrow.com\/novo\/wp-json\/wp\/v2\/pages"}],"about":[{"href":"https:\/\/cursotomorrow.com\/novo\/wp-json\/wp\/v2\/types\/page"}],"author":[{"embeddable":true,"href":"https:\/\/cursotomorrow.com\/novo\/wp-json\/wp\/v2\/users\/1449"}],"replies":[{"embeddable":true,"href":"https:\/\/cursotomorrow.com\/novo\/wp-json\/wp\/v2\/comments?post=4212"}],"version-history":[{"count":23,"href":"https:\/\/cursotomorrow.com\/novo\/wp-json\/wp\/v2\/pages\/4212\/revisions"}],"predecessor-version":[{"id":11618,"href":"https:\/\/cursotomorrow.com\/novo\/wp-json\/wp\/v2\/pages\/4212\/revisions\/11618"}],"wp:attachment":[{"href":"https:\/\/cursotomorrow.com\/novo\/wp-json\/wp\/v2\/media?parent=4212"}],"curies":[{"name":"wp","href":"https:\/\/api.w.org\/{rel}","templated":true}]}}