{"id":25,"date":"2011-03-01T12:49:10","date_gmt":"2011-03-01T12:49:10","guid":{"rendered":"http:\/\/www.cursotomorrow.com\/?page_id=25"},"modified":"2016-11-08T14:06:18","modified_gmt":"2016-11-08T19:06:18","slug":"cursos","status":"publish","type":"page","link":"https:\/\/cursotomorrow.com\/novo\/cursos\/","title":{"rendered":"Cursos"},"content":{"rendered":"<p><span style=\"color: #a9131f;\"><strong>B\u00e1sico<\/strong><\/span><br \/>\nEsse m\u00f3dulo \u00e9 indicado para pessoas que estejam iniciando o aprendizado na l\u00edngua Inglesa ou que n\u00e3o tenha no\u00e7\u00e3o da l\u00edngua. <a href=\"..\/modulo-basico\/\">Acesse Agora<\/a><\/p>\n<p><span style=\"color: #a9131f;\"><strong>Intermedi\u00e1rio <\/strong><\/span><br \/>\nPara iniciar neste m\u00f3dulo \u00e9 preciso j\u00e1 ter no\u00e7\u00e3o do be-a-b\u00e1 do ingl\u00eas pois ser\u00e1 mais proveitoso ao aluno as informa\u00e7\u00f5es aqui fornecida. Pessoas que j\u00e1 conclu\u00edram o nosso n\u00edvel b\u00e1sico est\u00e3o sem d\u00favidas preparadas para enfrentar mais esse desafio. <a href=\"..\/modulo-intermediario\/\">Acesse Agora<\/a><\/p>\n<p><span style=\"color: #a9131f;\"><strong>Avan\u00e7ado<\/strong><\/span><br \/>\nTodos os nossos alunos que j\u00e1 conclu\u00edram os dois m\u00f3dulos anteriores est\u00e3o sem d\u00favida alguns capacitados para iniciarem este m\u00f3dulo. Se voc\u00ea participou de algum outro curso online ou n\u00e3o, indicamos que antes de iniciar este m\u00f3dulo entre em contato conosco para nos certificarmos que ter\u00e1 o melhor aproveitamento. <a href=\"..\/modulo-avancado\/\">Acesse Agora<\/a><\/p>\n<p><span style=\"color: #a9131f;\"><strong>Executivo<\/strong><\/span><br \/>\nPara pessoas que j\u00e1 sabem falar a l\u00edngua, mas que desejem aperfei\u00e7oar a sua habilidade na conversa\u00e7\u00e3o. Se voc\u00ea j\u00e1 \u00e9 concludente dos nossos 3 m\u00f3dulos anteriores com certeza vai aproveitar este m\u00f3dulo que \u00e9 t\u00e3o importante quanto o primeiro, fale agora mesmo o ingl\u00eas que voc\u00ea sempre desejou falar. <a href=\"..\/modulo-executivo\/\">Acesse Agora<\/a><\/p>\n<p><span style=\"color: #a9131f;\"><strong>Conversa\u00e7\u00e3o &#8211; M\u00f3dulo 1<\/strong><\/span><br \/>\nPara pessoas que j\u00e1 sabem da l\u00edngua, mas que desejem aperfei\u00e7oar a sua habilidade na conversa\u00e7\u00e3o. Se voc\u00ea j\u00e1 \u00e9 concludente dos nossos 4 m\u00f3dulos anteriores com certeza vai aproveitar este m\u00f3dulo que \u00e9 t\u00e3o importante quanto os outros, fale agora mesmo o ingl\u00eas que voc\u00ea sempre desejou falar. <a href=\"..\/conversacao-modulo-1\/\">Acesse Agora<\/a><\/p>\n<p><span style=\"color: #a9131f;\"><strong>Conversa\u00e7\u00e3o &#8211; M\u00f3dulo 2<\/strong><\/span><br \/>\nPara pessoas que j\u00e1 sabem da l\u00edngua, mas que desejem aperfei\u00e7oar a sua habilidade na conversa\u00e7\u00e3o. Se voc\u00ea j\u00e1 \u00e9 concludente dos nossos 4 m\u00f3dulos anteriores com certeza vai aproveitar este m\u00f3dulo que \u00e9 t\u00e3o importante quanto os outros, fale agora mesmo o ingl\u00eas que voc\u00ea sempre desejou falar. <a href=\"..\/conversacao-modulo-2\/\">Acesse Agora<\/a><\/p>\n<p><span style=\"color: #a9131f;\"><strong>Conversa\u00e7\u00e3o &#8211; M\u00f3dulo 3<\/strong><\/span><br \/>\nPara pessoas que j\u00e1 sabem da l\u00edngua, mas que desejem aperfei\u00e7oar a sua habilidade na conversa\u00e7\u00e3o. Se voc\u00ea j\u00e1 \u00e9 concludente dos nossos 4 m\u00f3dulos anteriores com certeza vai aproveitar este m\u00f3dulo que \u00e9 t\u00e3o importante quanto os outros, fale agora mesmo o ingl\u00eas que voc\u00ea sempre desejou falar. <a href=\"..\/conversacao-modulo-3\/\">Acesse Agora<\/a><\/p>\n","protected":false},"excerpt":{"rendered":"<p>B\u00e1sico Esse m\u00f3dulo \u00e9 indicado para pessoas que estejam iniciando o aprendizado na l\u00edngua Inglesa ou que n\u00e3o tenha no\u00e7\u00e3o da l\u00edngua. Acesse Agora Intermedi\u00e1rio Para iniciar neste m\u00f3dulo \u00e9 preciso j\u00e1 ter no\u00e7\u00e3o do be-a-b\u00e1 do ingl\u00eas pois ser\u00e1 &hellip; <a href=\"https:\/\/cursotomorrow.com\/novo\/cursos\/\">Continue lendo <span class=\"meta-nav\">&rarr;<\/span><\/a><\/p>\n","protected":false},"author":2,"featured_media":0,"parent":0,"menu_order":0,"comment_status":"closed","ping_status":"closed","template":"","meta":{"footnotes":""},"class_list":["post-25","page","type-page","status-publish","hentry"],"_links":{"self":[{"href":"https:\/\/cursotomorrow.com\/novo\/wp-json\/wp\/v2\/pages\/25"}],"collection":[{"href":"https:\/\/cursotomorrow.com\/novo\/wp-json\/wp\/v2\/pages"}],"about":[{"href":"https:\/\/cursotomorrow.com\/novo\/wp-json\/wp\/v2\/types\/page"}],"author":[{"embeddable":true,"href":"https:\/\/cursotomorrow.com\/novo\/wp-json\/wp\/v2\/users\/2"}],"replies":[{"embeddable":true,"href":"https:\/\/cursotomorrow.com\/novo\/wp-json\/wp\/v2\/comments?post=25"}],"version-history":[{"count":9,"href":"https:\/\/cursotomorrow.com\/novo\/wp-json\/wp\/v2\/pages\/25\/revisions"}],"predecessor-version":[{"id":2886,"href":"https:\/\/cursotomorrow.com\/novo\/wp-json\/wp\/v2\/pages\/25\/revisions\/2886"}],"wp:attachment":[{"href":"https:\/\/cursotomorrow.com\/novo\/wp-json\/wp\/v2\/media?parent=25"}],"curies":[{"name":"wp","href":"https:\/\/api.w.org\/{rel}","templated":true}]}}