{"id":2047,"date":"2016-10-13T13:12:48","date_gmt":"2016-10-13T18:12:48","guid":{"rendered":"http:\/\/cursotomorrow.com\/novo\/?page_id=2047"},"modified":"2019-06-18T08:04:27","modified_gmt":"2019-06-18T13:04:27","slug":"modulo-basico","status":"publish","type":"page","link":"https:\/\/cursotomorrow.com\/novo\/modulo-basico\/","title":{"rendered":"M\u00f3dulo B\u00e1sico"},"content":{"rendered":"<div class=\"members-access-error\">Desculpe, voc\u00ea n\u00e3o tem permiss\u00e3o para visualizar este conte\u00fado.<\/div>\n","protected":false},"excerpt":{"rendered":"<div class=\"members-access-error\">Desculpe, voc\u00ea n\u00e3o tem permiss\u00e3o para visualizar este conte\u00fado.<\/div>\n","protected":false},"author":1449,"featured_media":0,"parent":0,"menu_order":0,"comment_status":"closed","ping_status":"closed","template":"","meta":{"footnotes":""},"class_list":["post-2047","page","type-page","status-publish","hentry"],"_links":{"self":[{"href":"https:\/\/cursotomorrow.com\/novo\/wp-json\/wp\/v2\/pages\/2047"}],"collection":[{"href":"https:\/\/cursotomorrow.com\/novo\/wp-json\/wp\/v2\/pages"}],"about":[{"href":"https:\/\/cursotomorrow.com\/novo\/wp-json\/wp\/v2\/types\/page"}],"author":[{"embeddable":true,"href":"https:\/\/cursotomorrow.com\/novo\/wp-json\/wp\/v2\/users\/1449"}],"replies":[{"embeddable":true,"href":"https:\/\/cursotomorrow.com\/novo\/wp-json\/wp\/v2\/comments?post=2047"}],"version-history":[{"count":20,"href":"https:\/\/cursotomorrow.com\/novo\/wp-json\/wp\/v2\/pages\/2047\/revisions"}],"predecessor-version":[{"id":6218,"href":"https:\/\/cursotomorrow.com\/novo\/wp-json\/wp\/v2\/pages\/2047\/revisions\/6218"}],"wp:attachment":[{"href":"https:\/\/cursotomorrow.com\/novo\/wp-json\/wp\/v2\/media?parent=2047"}],"curies":[{"name":"wp","href":"https:\/\/api.w.org\/{rel}","templated":true}]}}